{"id":15794,"date":"2024-02-26T18:00:58","date_gmt":"2024-02-26T17:00:58","guid":{"rendered":"https:\/\/premiostrega.it\/PS\/?page_id=15794"},"modified":"2024-02-27T14:32:56","modified_gmt":"2024-02-27T13:32:56","slug":"iscrizione-scuole","status":"publish","type":"page","link":"https:\/\/premiostrega.it\/PS\/iscrizione-scuole\/","title":{"rendered":"Iscrizione scuole"},"content":{"rendered":"\t\t<div data-elementor-type=\"wp-page\" data-elementor-id=\"15794\" class=\"elementor elementor-15794\" data-elementor-post-type=\"page\">\n\t\t\t\t\t\t<section class=\"elementor-section elementor-top-section elementor-element elementor-element-4548f9fc elementor-section-boxed elementor-section-height-default elementor-section-height-default\" data-id=\"4548f9fc\" data-element_type=\"section\" data-e-type=\"section\">\n\t\t\t\t\t\t<div class=\"elementor-container elementor-column-gap-default\">\n\t\t\t\t\t<div class=\"elementor-column elementor-col-100 elementor-top-column elementor-element elementor-element-97b9a8a\" data-id=\"97b9a8a\" data-element_type=\"column\" data-e-type=\"column\">\n\t\t\t<div class=\"elementor-widget-wrap elementor-element-populated\">\n\t\t\t\t\t\t<div class=\"elementor-element elementor-element-106f9e5f elementor-widget elementor-widget-text-editor\" data-id=\"106f9e5f\" data-element_type=\"widget\" data-e-type=\"widget\" data-widget_type=\"text-editor.default\">\n\t\t\t\t<div class=\"elementor-widget-container\">\n\t\t\t\t\t\t\t\t\t<p>Il <strong>Premio Strega Giovani<\/strong>, promosso dalla Fondazione Bellonci e da Strega Alberti SpA con il contributo della Camera di Commercio di Roma e in collaborazione con BPER Banca, si pone come obiettivo la diffusione della narrativa italiana contemporanea presso il pubblico dei giovani adulti, riconoscendone e enfatizzandone l\u2019autonomia di giudizio. Il premio \u00e8 assegnato da una giuria di studenti di et\u00e0 compresa tra i 16 e i 18 anni, provenienti da scuole secondarie superiori distribuite in tutta Italia e all\u2019estero. Concorrono a ottenere il riconoscimento i dodici libri candidati al Premio Strega 2024, la cui selezione sar\u00e0 resa nota entro il mese di marzo.<\/p>\t\t\t\t\t\t\t\t<\/div>\n\t\t\t\t<\/div>\n\t\t\t\t<div class=\"elementor-element elementor-element-3d8ded2 elementor-widget elementor-widget-text-editor\" data-id=\"3d8ded2\" data-element_type=\"widget\" data-e-type=\"widget\" data-widget_type=\"text-editor.default\">\n\t\t\t\t<div class=\"elementor-widget-container\">\n\t\t\t\t\t\t\t\t\t<p>L\u2019attivit\u00e0 di lettura che coinvolger\u00e0 i giurati del Premio Strega Giovani 2024 inizier\u00e0 nel mese di aprile dopo l\u2019annuncio della selezione dei 12 titoli candidati e terminer\u00e0 con la chiusura dell\u2019area di voto a fine maggio 2024.<\/p>\t\t\t\t\t\t\t\t<\/div>\n\t\t\t\t<\/div>\n\t\t\t\t<div class=\"elementor-element elementor-element-2ecedc1 elementor-widget elementor-widget-text-editor\" data-id=\"2ecedc1\" data-element_type=\"widget\" data-e-type=\"widget\" data-widget_type=\"text-editor.default\">\n\t\t\t\t<div class=\"elementor-widget-container\">\n\t\t\t\t\t\t\t\t\t<p>Le scuole che intendono partecipare alla giuria costituiranno un gruppo di lettura composto da dieci ragazzi, appartenenti alla stessa classe o a classi diverse. Ogni gruppo avr\u00e0 come referente un insegnante, il quale coordiner\u00e0 le attivit\u00e0 di lettura e rester\u00e0 in contatto con la segreteria del premio.<\/p>\t\t\t\t\t\t\t\t<\/div>\n\t\t\t\t<\/div>\n\t\t\t\t<div class=\"elementor-element elementor-element-62f0769 elementor-widget elementor-widget-text-editor\" data-id=\"62f0769\" data-element_type=\"widget\" data-e-type=\"widget\" data-widget_type=\"text-editor.default\">\n\t\t\t\t<div class=\"elementor-widget-container\">\n\t\t\t\t\t\t\t\t\t<p>Per consentire una pi\u00f9 agevole circolazione delle opere, i testi dei libri in concorso, previo accordo con gli editori, verranno inviati in formato elettronico.<\/p>\t\t\t\t\t\t\t\t<\/div>\n\t\t\t\t<\/div>\n\t\t\t\t<div class=\"elementor-element elementor-element-1789dd8 elementor-widget elementor-widget-text-editor\" data-id=\"1789dd8\" data-element_type=\"widget\" data-e-type=\"widget\" data-widget_type=\"text-editor.default\">\n\t\t\t\t<div class=\"elementor-widget-container\">\n\t\t\t\t\t\t\t\t\t<p>Ogni giurato \u00e8 chiamato a esprimere il proprio voto indicando uno solo dei libri in gara, in forma anonima e per via telematica, accedendo all\u2019AREA DI VOTO del sito <span style=\"text-decoration: underline;\"><a href=\"https:\/\/premiostrega.it\" target=\"_blank\" rel=\"noopener\">www.premiostrega.it<\/a><\/span>. La Fondazione invier\u00e0 in tempo utile la password di accesso e le istruzioni circa tempi e modalit\u00e0 di voto.<\/p>\t\t\t\t\t\t\t\t<\/div>\n\t\t\t\t<\/div>\n\t\t\t\t<div class=\"elementor-element elementor-element-932b484 elementor-widget elementor-widget-text-editor\" data-id=\"932b484\" data-element_type=\"widget\" data-e-type=\"widget\" data-widget_type=\"text-editor.default\">\n\t\t\t\t<div class=\"elementor-widget-container\">\n\t\t\t\t\t\t\t\t\t<p>I ragazzi della giuria sono inoltre invitati a motivare la loro scelta inviando all\u2019avvio del Premio Speciale BPER Banca un testo scritto. Gli autori delle migliori motivazioni, accompagnati dall\u2019insegnante referente, saranno ospiti della Fondazione alla cerimonia di proclamazione del vincitore, che si terr\u00e0 a Roma nel mese di giugno. BPER Banca assegner\u00e0 all\u2019autore del migliore elaborato una targa e un premio in denaro di 1.000 euro.<\/p>\t\t\t\t\t\t\t\t<\/div>\n\t\t\t\t<\/div>\n\t\t\t\t<div class=\"elementor-element elementor-element-e981673 elementor-widget elementor-widget-text-editor\" data-id=\"e981673\" data-element_type=\"widget\" data-e-type=\"widget\" data-widget_type=\"text-editor.default\">\n\t\t\t\t<div class=\"elementor-widget-container\">\n\t\t\t\t\t\t\t\t\t<p><strong>Per aderire alla giuria<\/strong>, \u00e8 necessario inviare il<strong> modulo di iscrizione <\/strong>che si trova sul sito del Premio<strong> entro il 29 febbraio 2024<\/strong>, allegando la richiesta firmata dal Dirigente scolastico scaricabile online.<\/p>\t\t\t\t\t\t\t\t<\/div>\n\t\t\t\t<\/div>\n\t\t\t\t<div class=\"elementor-element elementor-element-1ae4537 elementor-widget elementor-widget-text-editor\" data-id=\"1ae4537\" data-element_type=\"widget\" data-e-type=\"widget\" data-widget_type=\"text-editor.default\">\n\t\t\t\t<div class=\"elementor-widget-container\">\n\t\t\t\t\t\t\t\t\t<p>Le informazioni circa le modalit\u00e0 e le tempistiche di lettura e di voto dei testi finalisti del <strong>Premio Strega Giovani Poesia<\/strong> verranno comunicate in seguito.<\/p>\t\t\t\t\t\t\t\t<\/div>\n\t\t\t\t<\/div>\n\t\t\t\t<div class=\"elementor-element elementor-element-f604489 elementor-widget-mobile__width-inherit website-flat elementor-align-left elementor-hidden-desktop elementor-hidden-tablet elementor-hidden-mobile elementor-widget elementor-widget-button\" data-id=\"f604489\" data-element_type=\"widget\" data-e-type=\"widget\" data-widget_type=\"button.default\">\n\t\t\t\t<div class=\"elementor-widget-container\">\n\t\t\t\t\t\t\t\t\t<div class=\"elementor-button-wrapper\">\n\t\t\t\t\t<a class=\"elementor-button elementor-button-link elementor-size-sm\" href=\"https:\/\/premiostrega.it\/PSG\/modulo-di-adesione-2024\/\" target=\"_blank\">\n\t\t\t\t\t\t<span class=\"elementor-button-content-wrapper\">\n\t\t\t\t\t\t\t\t\t<span class=\"elementor-button-text\">Modulo di iscrizione<\/span>\n\t\t\t\t\t<\/span>\n\t\t\t\t\t<\/a>\n\t\t\t\t<\/div>\n\t\t\t\t\t\t\t\t<\/div>\n\t\t\t\t<\/div>\n\t\t\t\t\t<\/div>\n\t\t<\/div>\n\t\t\t\t\t<\/div>\n\t\t<\/section>\n\t\t\t\t<\/div>\n\t\t","protected":false},"excerpt":{"rendered":"<p>Strega Giovani<\/p>\n","protected":false},"author":1,"featured_media":13374,"parent":0,"menu_order":0,"comment_status":"closed","ping_status":"closed","template":"","meta":{"footnotes":""},"class_list":["post-15794","page","type-page","status-publish","has-post-thumbnail","hentry"],"_links":{"self":[{"href":"https:\/\/premiostrega.it\/PS\/wp-json\/wp\/v2\/pages\/15794","targetHints":{"allow":["GET"]}}],"collection":[{"href":"https:\/\/premiostrega.it\/PS\/wp-json\/wp\/v2\/pages"}],"about":[{"href":"https:\/\/premiostrega.it\/PS\/wp-json\/wp\/v2\/types\/page"}],"author":[{"embeddable":true,"href":"https:\/\/premiostrega.it\/PS\/wp-json\/wp\/v2\/users\/1"}],"replies":[{"embeddable":true,"href":"https:\/\/premiostrega.it\/PS\/wp-json\/wp\/v2\/comments?post=15794"}],"version-history":[{"count":15,"href":"https:\/\/premiostrega.it\/PS\/wp-json\/wp\/v2\/pages\/15794\/revisions"}],"predecessor-version":[{"id":16105,"href":"https:\/\/premiostrega.it\/PS\/wp-json\/wp\/v2\/pages\/15794\/revisions\/16105"}],"wp:featuredmedia":[{"embeddable":true,"href":"https:\/\/premiostrega.it\/PS\/wp-json\/wp\/v2\/media\/13374"}],"wp:attachment":[{"href":"https:\/\/premiostrega.it\/PS\/wp-json\/wp\/v2\/media?parent=15794"}],"curies":[{"name":"wp","href":"https:\/\/api.w.org\/{rel}","templated":true}]}}