{"id":19217,"date":"2025-04-22T14:07:50","date_gmt":"2025-04-22T12:07:50","guid":{"rendered":"https:\/\/premiostrega.it\/PS\/?page_id=19217"},"modified":"2025-04-22T14:14:16","modified_gmt":"2025-04-22T12:14:16","slug":"premio-speciale-bper-banca-per-la-migliore-recensione","status":"publish","type":"page","link":"https:\/\/premiostrega.it\/PS\/premio-speciale-bper-banca-per-la-migliore-recensione\/","title":{"rendered":"Premio speciale BPER banca per la migliore recensione"},"content":{"rendered":"<p><strong>Premessa<\/strong><\/p>\n<p>BPER Banca SPA (soc promotrice), con sede legale in via S. Carlo, 8\/20 \u2013 Modena, in collaborazione con la Fondazione Bellonci \u2013 Premio Strega Giovani indice il bando di concorso \u201c<strong>Premio Strega Giovani per la migliore recensione<\/strong>\u201d che si svolger\u00e0 dalle ore 10:00 del 06\/05\/2025 alle ore 12 del 27\/05\/2025. La partecipazione al concorso \u00e8 gratuita.<\/p>\n<p><strong> 1. Finalit\u00e0 del bando di concorso<\/strong><\/p>\n<p>Il bando \u00e8 aperto ai giurati del Premio Strega Giovani, gi\u00e0 individuati dalla Fondazione Bellonci tra gli studenti delle Scuole secondarie di II grado. L\u2019iniziativa si pone lo scopo di avvicinare i giovani alla lettura e alla scrittura e di sensibilizzare il loro spirito critico attraverso la produzione di recensioni relative ai libri candidati al Premio Strega Giovani.<\/p>\n<p>La societ\u00e0 promotrice valuter\u00e0, mediante apposita commissione, i migliori contributi che saranno proposti dai partecipanti al bando nelle modalit\u00e0 sotto descritte.<br \/>\nLa presente attivit\u00e0 \u00e8 da intendersi esclusa dalla disciplina sulle manifestazioni a premio in quanto rientra nell\u2019ipotesi di esclusione di cui alla lettera a comma 1 art. 6 del D.P.R. n. 430\/2001 e il \u201cpremio\u201d all&#8217;autore dell&#8217;opera prescelta ha carattere di corrispettivo di riconoscimento del merito personale.<\/p>\n<p><strong> 2. Tipologia di partecipanti<\/strong><\/p>\n<p>Il presente bando di concorso \u00e8 riservato a persone fisiche di et\u00e0 compresa tra i 16 e i 19 anni, domiciliate\/residenti nell\u2019area di diffusione del bando di concorso e facenti parte della Giuria del Premio Strega Giovani.<\/p>\n<p><strong> 3. Termini<\/strong><\/p>\n<p>La pubblicazione del presente bando e le indicazioni sulla partecipazione verranno rese disponibili a partire dal <strong>22\/04\/2025 <\/strong>sul sito del <strong><span style=\"text-decoration: underline;\"><a href=\"https:\/\/premiostrega.it\/PS\/premio-giovani\/\" target=\"_blank\" rel=\"noopener\">Premio Strega Giovani<\/a><\/span><\/strong>.<br \/>\nI partecipanti potranno inviare le proprie recensioni entro e non oltre <strong>le ore 12 del 27 maggio 2025.<br \/>\n<\/strong>Non verranno accettati contenuti trasmessi al di fuori dei termini temporali come sopra indicati.<br \/>\nLa commissione esaminatrice si riunir\u00e0 entro il <strong>29 maggio 2025<\/strong> per l\u2019individuazione del vincitore.<\/p>\n<p>&nbsp;<\/p>\n<p><strong> 4. Modalit\u00e0 di partecipazione<\/strong><\/p>\n<p>La partecipazione al bando \u00e8 gratuita.<br \/>\nI destinatari del concorso sono invitati a produrre una recensione originale e inedita di un libro candidato al Premio Strega Giovani 2025. I destinatari riceveranno dalla Fondazione Bellonci le credenziali di accesso per entrare nell\u2019area riservata del sito del Premio Strega Giovani, dalla quale potranno scaricare i libri candidati al Premio.<\/p>\n<p>Ogni partecipante potr\u00e0 caricare una sola recensione per un solo libro candidato al Premio Strega Giovani.<br \/>\nLa recensione deve avere una lunghezza compresa tra un minimo di 1.000 e un massimo di 3.000 caratteri, spazi inclusi, e va inviata in formato .pdf all\u2019indirizzo <a href=\"mailto:premiostregagiovani@gmail.com\"><strong><span style=\"text-decoration: underline;\">premiostregagiovani@gmail.com<\/span><\/strong><\/a>, con oggetto: <em>Premio Strega Giovani per la migliore recensione<\/em>.<br \/>\nIl testo inviato dovr\u00e0 riportare i dati dell\u2019autore: nome, cognome, scuola di appartenenza, classe frequentata, insegnante referente.<br \/>\nL\u2019iscrizione al bando di concorso \u00e8 subordinata al rispetto dei fondamentali principi etici di correttezza attesi dalla Fondazione Bellonci &#8211; Premio Strega Giovani conformi allo spirito culturale dell\u2019iniziativa, all\u2019accettazione delle clausole contenute in questo regolamento, che si intende letto e accettato in ogni sua parte al momento dell\u2019iscrizione.<\/p>\n<p><strong> 5. Esclusioni<\/strong><\/p>\n<p>Saranno esclusi dal bando di concorso:<\/p>\n<ul>\n<li>i progetti che violino, in qualsivoglia modo, diritti di terzi, ivi compresi eventuali diritti d\u2018autore e analoghi nonch\u00e9 quelli proposti in violazione delle dichiarazioni e garanzie di cui al successivo articolo 8.<\/li>\n<li>I progetti che siano ritenuti offensivi e\/o contrari alla morale pubblica e al pubblico decoro o che contengano contenuti diffamatori o in violazione della privacy.<\/li>\n<li>I progetti che non siano conformi alle caratteristiche richieste al precedente punto 4.<\/li>\n<\/ul>\n<p>La comunicazione dell\u2019esclusione connessa alla violazione di una o pi\u00f9 clausole del presente bando verr\u00e0 inoltrata ai concorrenti esclusi all\u2019indirizzo e-mail con cui i medesimi si sono iscritti al bando di concorso.<\/p>\n<p><strong> 6. Criteri di selezione<\/strong><\/p>\n<p>Una Commissione composta da membri della Fondazione Bellonci valuter\u00e0 a proprio insindacabile giudizio tutte le recensioni pervenute, selezionando quella ritenuta pi\u00f9 meritevole.<\/p>\n<p>La selezione del vincitore avverr\u00e0 secondo i seguenti criteri:<\/p>\n<ol>\n<li>qualit\u00e0 di scrittura della recensione;<\/li>\n<li>capacit\u00e0 esplicativa;<\/li>\n<li>capacit\u00e0 di giudizio critico.<\/li>\n<\/ol>\n<p>Nel caso in cui nessuna delle candidature pervenute sia ritenuta meritevole e d\u2019interesse dalla Commissione come sopra indicato, non verr\u00e0 selezionato alcun vincitore n\u00e9 erogato alcun riconoscimento.<\/p>\n<p><strong> 7. Riconoscimenti<\/strong><\/p>\n<p>La Commissione decreter\u00e0 a suo insindacabile giudizio la migliore recensione pervenuta.<br \/>\nL\u2019autore della recensione vincente ricever\u00e0 un riconoscimento a carattere di contributo monetario di \u20ac 500,00 (cinquecento Euro\/00) lordi.<br \/>\nIl contributo verr\u00e0 riconosciuto tramite bonifico bancario intestato al vincitore o tramite altra modalit\u00e0 elettronica concordata con il vincitore.<br \/>\nIn nessun caso i soggetti che avranno partecipato al presente bando di concorso mediante l\u2019invio delle proprie recensioni potranno avanzare pretese, a qualsivoglia ragione e\/o titolo, nei confronti della societ\u00e0 promotrice in relazione alla partecipazione al presente concorso e\/o all\u2019eventuale mancata selezione della proposta presentata.<\/p>\n<p><strong> 8. Notifica<\/strong><\/p>\n<p><strong>\u00a0<\/strong>Il vincitore sar\u00e0 contattato all\u2019indirizzo di posta elettronica indicato in fase di registrazione sul sito e dovr\u00e0 fornire accettazione scritta del premio nel termine di 5 giorni dall\u2019invio della email e nel caso in cui la persona premiata non confermasse il suo interesse a ricevere il premio entro i termini indicati, il premio si intender\u00e0 non accettato. In caso di vincitore minorenne, verr\u00e0 richiesta accettazione anche da parte del genitore o esercente della patria podest\u00e0.<\/p>\n<p>Il Promotore si riserva di effettuare le necessarie verifiche di regolarit\u00e0; qualora la convalida non fosse completa di tutti gli elementi richiesti, la partecipazione non sar\u00e0 considerata valida e il premio non potr\u00e0 essere riconosciuto.<\/p>\n<p>La proclamazione del vincitore del concorso avverr\u00e0 durante la cerimonia ufficiale di consegna del Premio Strega Giovani.<\/p>\n<p><strong> 9. Cessione dei diritti<\/strong><\/p>\n<p>La partecipazione al bando di concorso implica il consenso da parte dei concorrenti alla pubblicazione da parte del Promotore del loro nome e delle informazioni personali richieste su qualsiasi canale mediatico per qualsivoglia scopo commerciale o promozionale (incluso, senza limitazione, Internet), senza alcun compenso.<\/p>\n<p><strong> 10. Disposizioni accessorie<\/strong><\/p>\n<p>Con la partecipazione al presente bando di concorso, ogni concorrente dichiara e garantisce di essere l\u2019unico autore della recensione presentata, assumendo, dunque, la piena e totale responsabilit\u00e0, sotto qualsivoglia profilo, nessuno escluso, in ordine alla originalit\u00e0 e paternit\u00e0 della recensione medesima sollevando, per l\u2019effetto, il Promotore da ogni e qualsiasi responsabilit\u00e0 e, dunque, anche per eventuali danni diretti e\/o indiretti che dovessero derivare a terzi, in caso di dichiarazioni non veritiere sull\u2019originalit\u00e0 e paternit\u00e0 della recensione stessa.<br \/>\nPi\u00f9 specificatamente, con la partecipazione al bando di concorso, ogni partecipante dichiara e garantisce:<br \/>\n&#8211; che la propria recensione \u00e8 originale e che la stessa non viola i diritti d\u2019autore e\/o diritti connessi e\/o diritti di marchio\/segreti industriali\/diritti d\u2019immagine o ogni altro diritto di sfruttamento commerciale e\/o industriale e\/o intellettuale, nessuno escluso, di qualsiasi persona fisica e\/o giuridica;<br \/>\n&#8211; che terr\u00e0 il Promotore, nonch\u00e9 suoi eventuali aventi causa, pienamente manlevato e indenne da ogni e qualsiasi conseguenza pregiudizievole, anche sotto il profilo risarcitorio e\/o indennitario, che possa allo stesso derivare in conseguenza della violazione e\/o non veridicit\u00e0 delle dichiarazioni e garanzie di cui al presente articolo 10. In particolare, il partecipante difender\u00e0 e terr\u00e0 completamente manlevato e indenne il Promotore da qualsivoglia costo, danno, onere, risarcimento e\/o indennit\u00e0, nessuno escluso,\u00a0 che quest\u2019ultimo, a qualsivoglia ragione e\/o titolo,\u00a0 dovesse essere chiamato a sostenere per effetto del semplice possesso e\/o uso, anche a fini commerciali, del progetto e, dunque, anche per violazione dei\u00a0 diritti\u00a0 d\u2019autore,\u00a0 dei\u00a0 diritti\u00a0 su\u00a0 marchi\u00a0 registrati,\u00a0 dei\u00a0 diritti\u00a0 di\u00a0 brevetto,\u00a0 di\u00a0 know-how,\u00a0 dei\u00a0 diritti\u00a0 di invenzione, di immagine e di qualsivoglia altro diritto, anche\u00a0 esclusivo, di terzi.<\/p>\n<p>Il Promotore si impegna a rispettare e tutelare la paternit\u00e0 delle recensioni, in quanto le recensioni saranno diffuse, previo consenso, unitamente all\u2019identificazione del partecipante autore che lo ha candidato.<\/p>\n<p><strong> 11. Invalidit\u00e0 delle iscrizioni\u00a0 &#8211; Decadenza del premio<\/strong><\/p>\n<p>La partecipazione al presente bando comporta per il partecipante l\u2019accettazione incondizionata e totale delle regole e delle clausole contenute nel presente regolamento senza limitazione alcuna, ivi compreso il valore indicato del premio in palio.<br \/>\nIl promotore si riserva il diritto di richiedere, in qualunque momento, ai partecipanti copia del documento d\u2019identit\u00e0 o altra documentazione necessaria per accertare il possesso dei requisiti richiesti per la partecipazione al bando di concorso. Se il partecipante si rifiuta di collaborare per qualunque ragione sar\u00e0 escluso dal concorso medesimo.<br \/>\nIn caso di tentativi di truffa e\/o di dichiarazioni inesatte, parziali e\/o false, il Promotore si riserva di procedere all\u2019immediata esclusione del concorrente.<\/p>\n<p>I concorrenti che, secondo il giudizio insindacabile del Promotore o di terze parti incaricate dallo stesso, dovessero partecipare al concorso con mezzi e strumenti giudicati in maniera sospetta, fraudolenta, o in violazione del normale svolgimento dell\u2019iniziativa, verranno esclusi dalla partecipazione e non potranno godere dell\u2019eventuale premio vinto.<\/p>\n<p>Il Promotore si riserva il diritto discrezionale di sospendere o cancellare il bando di concorso e l\u2019assegnazione del premio qualora si dovessero verificare fatti e\/o accadimenti che rendano difficoltoso e\/o impossibile il prosieguo del concorso medesimo.<\/p>\n<p><strong>12. Privacy<\/strong><\/p>\n<p>I dati dei partecipanti verranno trattati dal promotore esclusivamente per fini connessi alla gestione del bando. I dati personali raccolti saranno trattati, con modalit\u00e0 prevalentemente elettroniche, da BPER Banca SPA con sede legale in via S. Carlo 8\/20, Modena &#8211; titolare del trattamento \u2013, per le operazioni connesse alla partecipazione al bando. Ai fini del bando di concorso i dati saranno altres\u00ec trattati dalla Fondazione Bellonci con sede in Roma, Via Fratelli Ruspoli,2.\u00a0I partecipanti potranno esercitare in qualsiasi momento il proprio diritto, di consultare, modificare, cancellare i dati o opporsi al loro trattamento per motivi legittimi scrivendo al titolare all&#8217;indirizzo sopra indicato. Con le stesse modalit\u00e0\u00a0\u00e8 possibile richiedere l&#8217;elenco dei responsabili del trattamento.<\/p>\n<p><strong> 13. Foro competente<\/strong><\/p>\n<p>Ogni eventuale controversia dovesse insorgere in relazione al presente regolamento sar\u00e0 devoluta alla competenza esclusiva del foro di Milano.<\/p>\n<p><strong> 14. Ambito territoriale<\/strong><\/p>\n<p>Il presente bando di concorso si rivolge ai giurati del Premio Strega Giovani edizione 2025.<br \/>\nIl procedimento di selezione e individuazione della recensione vincitrice, verr\u00e0 svolto integralmente sul territorio italiano.<\/p>\n","protected":false},"excerpt":{"rendered":"<p>Strega Giovani<\/p>\n","protected":false},"author":1,"featured_media":13374,"parent":0,"menu_order":0,"comment_status":"closed","ping_status":"closed","template":"","meta":{"footnotes":""},"class_list":["post-19217","page","type-page","status-publish","has-post-thumbnail","hentry"],"_links":{"self":[{"href":"https:\/\/premiostrega.it\/PS\/wp-json\/wp\/v2\/pages\/19217","targetHints":{"allow":["GET"]}}],"collection":[{"href":"https:\/\/premiostrega.it\/PS\/wp-json\/wp\/v2\/pages"}],"about":[{"href":"https:\/\/premiostrega.it\/PS\/wp-json\/wp\/v2\/types\/page"}],"author":[{"embeddable":true,"href":"https:\/\/premiostrega.it\/PS\/wp-json\/wp\/v2\/users\/1"}],"replies":[{"embeddable":true,"href":"https:\/\/premiostrega.it\/PS\/wp-json\/wp\/v2\/comments?post=19217"}],"version-history":[{"count":7,"href":"https:\/\/premiostrega.it\/PS\/wp-json\/wp\/v2\/pages\/19217\/revisions"}],"predecessor-version":[{"id":19224,"href":"https:\/\/premiostrega.it\/PS\/wp-json\/wp\/v2\/pages\/19217\/revisions\/19224"}],"wp:featuredmedia":[{"embeddable":true,"href":"https:\/\/premiostrega.it\/PS\/wp-json\/wp\/v2\/media\/13374"}],"wp:attachment":[{"href":"https:\/\/premiostrega.it\/PS\/wp-json\/wp\/v2\/media?parent=19217"}],"curies":[{"name":"wp","href":"https:\/\/api.w.org\/{rel}","templated":true}]}}