{"id":514,"date":"2018-03-14T17:24:24","date_gmt":"2018-03-14T16:24:24","guid":{"rendered":"http:\/\/www.fondazionebellonci.it\/new\/?page_id=514"},"modified":"2026-02-09T17:07:41","modified_gmt":"2026-02-09T16:07:41","slug":"il-regolamento","status":"publish","type":"page","link":"https:\/\/premiostrega.it\/PS\/il-regolamento\/","title":{"rendered":"Il regolamento"},"content":{"rendered":"<p>Gli <em>Amici della domenica<\/em> potranno inviare le proprie proposte per il Premio Strega 2026 a partire dal prossimo 3 febbraio e fino al 2 marzo alle ore 12. Tutte le proposte degli <em>Amici<\/em> saranno rese note sul sito del Premio.<\/p>\n<h5>Regolamento del premio Strega<\/h5>\n<p><strong>Art. 1.<\/strong> \u00c8 istituito a Roma il premio letterario Strega degli <em>Amici della domenica<\/em>, nome con cui sono identificati i componenti della giuria dal gruppo che si riuniva in casa Bellonci il pomeriggio della domenica. La giuria era composta alla data di fondazione del premio (1947) da centosettanta <em>Amici<\/em>, diventati negli anni oltre quattrocento.<\/p>\n<p><strong>Art. 2.<\/strong> Il premio ha sede presso la Fondazione Maria e Goffredo Bellonci (Roma, via Fratelli Ruspoli 2).<\/p>\n<p><strong>Art. 3.<\/strong> All\u2019organizzazione del premio presiede un Comitato di gestione composto in pari misura da rappresentanti della Fondazione Maria e Goffredo Bellonci e da rappresentanti della societ\u00e0 Strega Alberti Benevento. Nell\u2019organizzazione della parte letteraria del premio, il Comitato di gestione si avvale della collaborazione di almeno tre scrittori vincitori del Premio Strega e di almeno quattro <em>Amici della domenica<\/em>, nominati per cooptazione dallo stesso Comitato. Il loro incarico dura tre anni e pu\u00f2 essere rinnovato. Il Comitato direttivo del premio risulta dunque formato dai componenti del Comitato di gestione unitamente ai vincitori del Premio Strega e agli <em>Amici della domenica<\/em> prescelti. Non possono farne parte dipendenti delle case editrici ammissibili a partecipare alla competizione.<\/p>\n<p><strong>Art. 4.<\/strong> \u00c8 compito del Comitato direttivo aggiornare ogni anno l\u2019elenco degli <em>Amici della domenica<\/em>. Il Comitato direttivo elegge nel suo ambito un presidente che lo convoca e ne coordina i lavori. Il Comitato delibera a maggioranza; a parit\u00e0 di voti prevale il voto del presidente. Decade dall\u2019incarico il membro del Comitato che non abbia partecipato a tre riunioni consecutive.<\/p>\n<p><strong>Art. 5.<\/strong> Il premio \u00e8 assegnato annualmente a un libro di narrativa scritto in lingua italiana e pubblicato in prima edizione tra marzo dell\u2019anno precedente e febbraio dell\u2019anno in corso.<\/p>\n<p><strong>Art. 6.<\/strong> Lo scrutinio della prima votazione si tiene nella sede della Fondazione Bellonci o in altro luogo scelto dal Comitato di gestione. La seconda votazione e la proclamazione del vincitore avviene a Roma parimenti in un luogo scelto dal Comitato di gestione.<\/p>\n<p><strong>Art. 7.<\/strong> Per tutte le controversie sono valide le deliberazioni del Comitato di gestione, il cui verdetto \u00e8 inappellabile.<\/p>\n<p><strong>Art. 8.<\/strong> Modifiche al presente statuto possono essere apportate dal Comitato di gestione, anche su proposta degli <em>Amici<\/em>. Le deliberazioni spettano ad ogni modo al solo Comitato.<\/p>\n<p><strong>Art. 9.<\/strong> Gli scrittori che hanno vinto il premio Strega non possono concorrere se non dopo tre edizioni successive.<\/p>\n<h5>Regolamento di partecipazione<\/h5>\n<p><strong style=\"font-size: 1rem;\">Art. 1.<\/strong> Ciascun Amico della domenica potr\u00e0 segnalare, con il consenso dell\u2019autore, un\u2019opera che ritiene meritevole di partecipare al premio. Ciascuna segnalazione dovr\u00e0 essere corredata da un breve giudizio critico. Ogni opera potr\u00e0 ricevere una sola segnalazione, che dovr\u00e0 pervenire secondo le modalit\u00e0 indicate dalla segreteria agli <em style=\"font-size: 1rem;\">Amici<\/em>.<\/p>\n<p><strong>Art. 2.<\/strong> A convalida della candidatura, l\u2019autore sottoscriver\u00e0 una lettera di accettazione in cui si impegna a non ritirarsi dal premio e ad accettarne integralmente il regolamento. La partecipazione del libro al concorso \u00e8 condizionata all\u2019invio gratuito delle copie necessarie al Comitato direttivo e ai giurati, secondo le indicazioni fornite dalla segreteria circa le modalit\u00e0 e i tempi della consegna. La mancata osservanza degli impegni sottoscritti e delle scadenze prefissate comporter\u00e0 l\u2019esclusione del libro dal concorso.<\/p>\n<p><strong>Art. 3.<\/strong> Spetta al Comitato direttivo individuare le opere concorrenti anche tenendo conto delle segnalazioni degli <em>Amici.<\/em> Allo scopo di consentire un\u2019efficace gestione del premio, ogni anno il numero di libri in concorso non sar\u00e0 superiore a dodici.<\/p>\n<p><strong>Art. 4.<\/strong> Il Comitato direttivo, a sua discrezione, potr\u00e0 di anno in anno integrare la giuria degli <em>Amici della domenica<\/em> con un numero di voti singoli e\/o collettivi individuati anche grazie al coinvolgimento delle istituzioni attive nella promozione della lettura e della cultura, come \u2013 a titolo puramente esemplificativo \u2013 scuole e universit\u00e0, associazioni culturali di riconosciuto prestigio, istituti italiani di cultura all\u2019estero, associazioni di librai e bibliotecari.<\/p>\n<p><strong>Art. 5.<\/strong> All\u2019indomani della definizione dei concorrenti, la segreteria del Premio invier\u00e0 ai giurati le informazioni circa le modalit\u00e0 di voto previste. Ogni giurato dovr\u00e0 assegnare la propria preferenza a tre dei dodici libri in concorso.<\/p>\n<p><strong>Art. 6.<\/strong> Lo scrutinio dei voti espressi verr\u00e0 effettuato subito dopo la chiusura del seggio elettorale. La commissione degli scrutatori sar\u00e0 composta da un rappresentante della Fondazione Bellonci, un rappresentante della ditta Strega Alberti, tre <em>Amici della domenica<\/em> designati dal Comitato direttivo, e verr\u00e0 presieduta di norma dall\u2019autore che ha vinto la precedente edizione del Premio.<\/p>\n<p><strong>Art. 7.<\/strong> Con il primo scrutinio vengono designati i cinque libri che hanno ottenuto il maggior numero di voti, i quali entrano di diritto nella lista per la seconda votazione. Se nella graduatoria dei primi cinque non \u00e8 compreso almeno un libro pubblicato da un editore medio-piccolo (cos\u00ec definito secondo la classificazione delle associazioni di categoria e le conseguenti valutazioni del comitato direttivo), accede alla seconda votazione il libro (o in caso di ex aequo i libri) con il punteggio maggiore, dando luogo a una finale a sei (o pi\u00f9) candidati.<\/p>\n<p><strong>Art. 8.<\/strong> La seconda votazione avr\u00e0 luogo a circa quindici giorni di distanza dalla prima. Ogni amico dovr\u00e0 assegnare la propria preferenza a uno solo dei libri finalisti.<\/p>\n<p><strong>Art. 9.<\/strong> Al termine dello scrutinio della seconda votazione viene proclamato il vincitore, che riceve un premio in denaro del valore di cinquemila euro offerto dalla societ\u00e0 Strega Alberti Benevento. Nel caso in cui risulti una parit\u00e0 di voti per il primo posto, il premio viene assegnato ex aequo.<\/p>\n<p><strong>Art. 10.<\/strong> Per ogni contestazione vale la decisione del Comitato di gestione il cui giudizio \u00e8 inappellabile.<\/p>\n<p><strong>Art. 11.<\/strong> Il Premio garantisce l\u2019anonimato del voto.<\/p>\n","protected":false},"excerpt":{"rendered":"<p>Gli Amici della domenica potranno inviare le proprie proposte per il Premio Strega 2026 a partire dal prossimo 3 febbraio e fino al 2 marzo alle ore 12. Tutte le proposte degli Amici saranno rese note sul sito del Premio. Regolamento del premio Strega Art. 1. \u00c8 istituito a Roma il premio letterario Strega degli [&hellip;]<\/p>\n","protected":false},"author":1,"featured_media":13371,"parent":0,"menu_order":0,"comment_status":"closed","ping_status":"closed","template":"elementor_theme","meta":{"footnotes":""},"class_list":["post-514","page","type-page","status-publish","has-post-thumbnail","hentry"],"_links":{"self":[{"href":"https:\/\/premiostrega.it\/PS\/wp-json\/wp\/v2\/pages\/514","targetHints":{"allow":["GET"]}}],"collection":[{"href":"https:\/\/premiostrega.it\/PS\/wp-json\/wp\/v2\/pages"}],"about":[{"href":"https:\/\/premiostrega.it\/PS\/wp-json\/wp\/v2\/types\/page"}],"author":[{"embeddable":true,"href":"https:\/\/premiostrega.it\/PS\/wp-json\/wp\/v2\/users\/1"}],"replies":[{"embeddable":true,"href":"https:\/\/premiostrega.it\/PS\/wp-json\/wp\/v2\/comments?post=514"}],"version-history":[{"count":67,"href":"https:\/\/premiostrega.it\/PS\/wp-json\/wp\/v2\/pages\/514\/revisions"}],"predecessor-version":[{"id":20526,"href":"https:\/\/premiostrega.it\/PS\/wp-json\/wp\/v2\/pages\/514\/revisions\/20526"}],"wp:featuredmedia":[{"embeddable":true,"href":"https:\/\/premiostrega.it\/PS\/wp-json\/wp\/v2\/media\/13371"}],"wp:attachment":[{"href":"https:\/\/premiostrega.it\/PS\/wp-json\/wp\/v2\/media?parent=514"}],"curies":[{"name":"wp","href":"https:\/\/api.w.org\/{rel}","templated":true}]}}