{"id":1665,"date":"2015-07-12T10:20:40","date_gmt":"2015-07-12T08:20:40","guid":{"rendered":"http:\/\/premiostrega.it\/PS\/?page_id=1665"},"modified":"2016-03-23T20:13:56","modified_gmt":"2016-03-23T19:13:56","slug":"autori-finalisti","status":"publish","type":"page","link":"https:\/\/premiostrega.it\/PSE\/autori-finalisti\/","title":{"rendered":"Autori finalisti"},"content":{"rendered":"<p><strong>Rafael Chirbes<\/strong>\u00a0\u00e8 nato a Tavernes de la Valldigna (Valencia) nel 1949. A sedici anni si trasferisce a Madrid dove studia Storia moderna e contemporanea. Ha vissuto in Marocco, a Parigi, Barcellona, La Coru\u00f1a, Extremadura e, nel 2000, \u00e8 tornato a Valencia. Oltre che alla narrativa, si \u00e8 dedicato alla critica letteraria e poi all\u2019attivit\u00e0 giornalistica. Ha esordito con il romanzo Mimoum (Mondadori 1993), arrivato finalista al premio Herralde. Sulla sponda \u00e8 uscito nel 2014 per Feltrinelli (vincitore del Premio de la Cr\u00edtica de narrativa castellana 2013, del Premio Francisco Umbral e riconosciuto da \u201cEl Pais\u201d come il miglior romanzo del 2013).<\/p>\n<p><strong>Stefan Hertmans<\/strong>\u00a0\u00e8 nato a Gand (Belgio) nel 1951. Tra le voci pi\u00f9 importanti della letteratura di lingua nederlandese contemporanea, ha ottenuto con Guerra e trementina un sorprendente successo di critica e pubblico. Tradotta in quindici lingue, la sua storia di guerra, d\u2019arte e d\u2019amore \u00e8 stata premiata con riconoscimenti quali l\u2019ako Literature Prize, il Golden Owl &#8211; premio del pubblico &#8211; e il Premio alla cultura fiamminga per la letteratura.<\/p>\n<p><strong>Alain Mabanckou<\/strong>\u00a0\u00e8 nato nel 1966 nella Repubblica del Congo. Nel 1989 si trasferisce a Parigi, dove rimane per oltre dieci anni. Primo autore francofono dell\u2019Africa subsahariana a essere pubblicato nella collana Blanche di Gallimard, Mabanckou ha ricevuto numerosi riconoscimenti per i suoi romanzi, tra cui il premio Renaudot per Memorie di un porcospino e il premio Georges Brassens per Domani avr\u00f2 vent\u2019anni. Attualmente Mabanckou insegna alla Ucla. Nel frattempo Black Bazar \u00e8 diventato un disco, sono in preparazione due film tratti dai suoi libri e l\u2019Acad\u00e9mie fran\u00e7aise gli ha attribuito il Grand Prix de Litt\u00e9rature Henri Gal 2012 per l\u2019insieme della sua opera.<\/p>\n<p><strong>Katja Petrowskaja<\/strong>\u00a0\u00e8 nata a Kiev nel 1970 e, dopo aver studiato Lettere all\u2019Universit\u00e0 di Tartu in Estonia, si \u00e8 laureata a Mosca. Dal 1999 vive a Berlino, dove lavora come giornalista per alcune testate russe e tedesche, fra cui la \u201cFrankfurter Allgemeine Sonntagszeitung\u201d. Nel 2013 ha vinto a Klagenfurt il premio Ingeborg Bachmann con un capitolo del romanzo Forse Esther, scritto direttamente in tedesco e tangibile testimonianza di come in lei si coniughino diverse culture: la russa, l\u2019ucraina, la tedesca e l\u2019ebraica.<\/p>\n<div><strong>Tommy Wieringa<\/strong>\u00a0\u00e8 nato nel 1967 a Goor in Olanda, al confine con la Germania, e debutta nel 1995 raggiungendo la fama internazionale nel 2002 con il romanzo Alles over Tristan (Tutto su Tristano), che si aggiudica il Premio Halewijn ed \u00e8 nominato al Premio AKO. Con Joe Speedboat vince il Premio Bordewijk nel 2006 e con Questi sono i nomi conquista la critica che l\u2019ha paragonato a Salinger, John Irving e Paul Auster. Wieringa scrive per varie testate ed \u00e8 colonnista di \u201cDe Volkskrant\u201d.<\/div>\n","protected":false},"excerpt":{"rendered":"<p>Rafael Chirbes\u00a0\u00e8 nato a Tavernes de la Valldigna (Valencia) nel 1949. A sedici anni si trasferisce a Madrid dove studia Storia moderna e contemporanea. Ha vissuto in Marocco, a Parigi, Barcellona, La Coru\u00f1a, Extremadura e, nel 2000, \u00e8 tornato a Valencia. Oltre che alla narrativa, si \u00e8 dedicato alla critica letteraria e poi all\u2019attivit\u00e0 giornalistica. [&hellip;]<\/p>\n","protected":false},"author":1,"featured_media":2252,"parent":0,"menu_order":0,"comment_status":"closed","ping_status":"closed","template":"","meta":{"footnotes":""},"class_list":["post-1665","page","type-page","status-publish","has-post-thumbnail","hentry"],"_links":{"self":[{"href":"https:\/\/premiostrega.it\/PSE\/wp-json\/wp\/v2\/pages\/1665","targetHints":{"allow":["GET"]}}],"collection":[{"href":"https:\/\/premiostrega.it\/PSE\/wp-json\/wp\/v2\/pages"}],"about":[{"href":"https:\/\/premiostrega.it\/PSE\/wp-json\/wp\/v2\/types\/page"}],"author":[{"embeddable":true,"href":"https:\/\/premiostrega.it\/PSE\/wp-json\/wp\/v2\/users\/1"}],"replies":[{"embeddable":true,"href":"https:\/\/premiostrega.it\/PSE\/wp-json\/wp\/v2\/comments?post=1665"}],"version-history":[{"count":4,"href":"https:\/\/premiostrega.it\/PSE\/wp-json\/wp\/v2\/pages\/1665\/revisions"}],"predecessor-version":[{"id":2322,"href":"https:\/\/premiostrega.it\/PSE\/wp-json\/wp\/v2\/pages\/1665\/revisions\/2322"}],"wp:featuredmedia":[{"embeddable":true,"href":"https:\/\/premiostrega.it\/PSE\/wp-json\/wp\/v2\/media\/2252"}],"wp:attachment":[{"href":"https:\/\/premiostrega.it\/PSE\/wp-json\/wp\/v2\/media?parent=1665"}],"curies":[{"name":"wp","href":"https:\/\/api.w.org\/{rel}","templated":true}]}}