{"id":3017,"date":"2018-07-19T17:12:02","date_gmt":"2018-07-19T15:12:02","guid":{"rendered":"https:\/\/premiostrega.it\/PSE\/?page_id=3017"},"modified":"2024-04-02T11:05:53","modified_gmt":"2024-04-02T09:05:53","slug":"2018-autori","status":"publish","type":"page","link":"https:\/\/premiostrega.it\/PSE\/2018-autori\/","title":{"rendered":"2018 Autori"},"content":{"rendered":"\t\t<div data-elementor-type=\"wp-page\" data-elementor-id=\"3017\" class=\"elementor elementor-3017\" data-elementor-post-type=\"page\">\n\t\t\t\t\t\t<section class=\"elementor-section elementor-top-section elementor-element elementor-element-93e69eb elementor-section-full_width elementor-section-height-min-height elementor-section-items-top elementor-section-height-default\" data-id=\"93e69eb\" data-element_type=\"section\" data-e-type=\"section\">\n\t\t\t\t\t\t<div class=\"elementor-container elementor-column-gap-default\">\n\t\t\t\t\t<div class=\"elementor-column elementor-col-100 elementor-top-column elementor-element elementor-element-d5ea000\" data-id=\"d5ea000\" data-element_type=\"column\" data-e-type=\"column\">\n\t\t\t<div class=\"elementor-widget-wrap elementor-element-populated\">\n\t\t\t\t\t\t<section class=\"elementor-section elementor-inner-section elementor-element elementor-element-9c4777a elementor-section-boxed elementor-section-height-default elementor-section-height-default\" data-id=\"9c4777a\" data-element_type=\"section\" data-e-type=\"section\">\n\t\t\t\t\t\t<div class=\"elementor-container elementor-column-gap-default\">\n\t\t\t\t\t<div class=\"elementor-column elementor-col-100 elementor-inner-column elementor-element elementor-element-aa5fa81\" data-id=\"aa5fa81\" data-element_type=\"column\" data-e-type=\"column\">\n\t\t\t<div class=\"elementor-widget-wrap elementor-element-populated\">\n\t\t\t\t\t\t<div class=\"elementor-element elementor-element-aa2a309 elementor-widget elementor-widget-taxonomy-filter\" data-id=\"aa2a309\" data-element_type=\"widget\" data-e-type=\"widget\" data-settings=\"{&quot;selected_element&quot;:&quot;ca221b3&quot;,&quot;taxonomy&quot;:&quot;posizionamento&quot;,&quot;item_alignment_horizontal_tablet&quot;:&quot;center&quot;,&quot;item_alignment_horizontal&quot;:&quot;center&quot;,&quot;horizontal_scroll_mobile&quot;:&quot;disable&quot;,&quot;horizontal_scroll&quot;:&quot;disable&quot;}\" data-widget_type=\"taxonomy-filter.default\">\n\t\t\t\t<div class=\"elementor-widget-container\">\n\t\t\t\t\t\t\t<search class=\"e-filter\" role=\"search\" data-base-url=\"https:\/\/premiostrega.it\/PSE\/\" data-page-num=\"1\">\n\t\t\t\t\t\t\t<button class=\"e-filter-item\" data-filter=\"candidati\" aria-pressed=\"false\">Candidati<\/button>\n\t\t\t\t\t\t\t<button class=\"e-filter-item\" data-filter=\"vincitore\" aria-pressed=\"false\">Vincitore<\/button>\n\t\t\t\n\t\t\t\t\t\t\t\t<\/search>\n\t\t\t\t\t\t<\/div>\n\t\t\t\t<\/div>\n\t\t\t\t<div class=\"elementor-element elementor-element-ca221b3 elementor-grid-5 elementor-grid-tablet-3 elementor-grid-mobile-2 elementor-widget elementor-widget-loop-grid\" data-id=\"ca221b3\" data-element_type=\"widget\" data-e-type=\"widget\" data-settings=\"{&quot;template_id&quot;:&quot;6007&quot;,&quot;columns&quot;:5,&quot;columns_tablet&quot;:3,&quot;columns_mobile&quot;:2,&quot;_skin&quot;:&quot;post&quot;,&quot;edit_handle_selector&quot;:&quot;[data-elementor-type=\\&quot;loop-item\\&quot;]&quot;,&quot;row_gap&quot;:{&quot;unit&quot;:&quot;px&quot;,&quot;size&quot;:&quot;&quot;,&quot;sizes&quot;:[]},&quot;row_gap_tablet&quot;:{&quot;unit&quot;:&quot;px&quot;,&quot;size&quot;:&quot;&quot;,&quot;sizes&quot;:[]},&quot;row_gap_mobile&quot;:{&quot;unit&quot;:&quot;px&quot;,&quot;size&quot;:&quot;&quot;,&quot;sizes&quot;:[]}}\" data-widget_type=\"loop-grid.post\">\n\t\t\t\t<div class=\"elementor-widget-container\">\n\t\t\t\t\t\t\t<div class=\"elementor-loop-container elementor-grid\" role=\"list\">\n\t\t<style id=\"loop-6007\">.elementor-6007 .elementor-element.elementor-element-28f5886{--display:flex;--gap:10px 10px;--row-gap:10px;--column-gap:10px;--background-transition:0.3s;--border-radius:0px 0px 0px 0px;--padding-top:0px;--padding-bottom:0px;--padding-left:0px;--padding-right:0px;}.elementor-6007 .elementor-element.elementor-element-28f5886:hover::before, .elementor-6007 .elementor-element.elementor-element-28f5886:hover > .elementor-background-video-container::before, .elementor-6007 .elementor-element.elementor-element-28f5886:hover > .e-con-inner > .elementor-background-video-container::before, .elementor-6007 .elementor-element.elementor-element-28f5886 > .elementor-background-slideshow:hover::before, .elementor-6007 .elementor-element.elementor-element-28f5886 > .e-con-inner > .elementor-background-slideshow:hover::before{--background-overlay:'';background-color:#FFFFFF;}.elementor-6007 .elementor-element.elementor-element-28f5886:hover{--overlay-opacity:0.2;}.elementor-6007 .elementor-element.elementor-element-035524a{--display:flex;--justify-content:center;--gap:0px 0px;--row-gap:0px;--column-gap:0px;--padding-top:0px;--padding-bottom:0px;--padding-left:0px;--padding-right:0px;}.elementor-6007 .elementor-element.elementor-element-aac5ba7 img{transition-duration:2s;border-style:solid;border-width:1px 1px 1px 1px;border-color:#E6E6E6;}.elementor-6007 .elementor-element.elementor-element-aac5ba7 > .elementor-widget-container{border-radius:0px 0px 0px 0px;}.elementor-6007 .elementor-element.elementor-element-aac5ba7:hover > .elementor-widget-container{border-radius:0px 0px 0px 0px;}.elementor-6007 .elementor-element.elementor-element-fba9eae{--spacer-size:20px;}.elementor-6007 .elementor-element.elementor-element-0fd8017 .elementor-heading-title{color:#444444;}.elementor-6007 .elementor-element.elementor-element-81b8435 .elementor-heading-title{color:#444444;}.elementor-6007 .elementor-element.elementor-element-b53c4ba{--spacer-size:10px;}<\/style>\t\t<div data-elementor-type=\"loop-item\" data-elementor-id=\"6007\" class=\"elementor elementor-6007 e-loop-item e-loop-item-4476 post-4476 autore type-autore status-publish has-post-thumbnail hentry anno-107 editore-guanda posizionamento-candidati posizionamento-vincitore\" data-elementor-post-type=\"elementor_library\" data-custom-edit-handle=\"1\">\n\t\t\t<div class=\"elementor-element elementor-element-28f5886 e-con-full e-flex e-con e-parent\" data-id=\"28f5886\" data-element_type=\"container\" data-e-type=\"container\" data-settings=\"{&quot;background_background&quot;:&quot;classic&quot;}\">\n\t\t<div class=\"elementor-element elementor-element-035524a e-con-full e-flex e-con e-child\" data-id=\"035524a\" data-element_type=\"container\" data-e-type=\"container\" data-settings=\"{&quot;background_background&quot;:&quot;classic&quot;}\">\n\t\t\t\t<div class=\"elementor-element elementor-element-aac5ba7 elementor-widget elementor-widget-image\" data-id=\"aac5ba7\" data-element_type=\"widget\" data-e-type=\"widget\" data-widget_type=\"image.default\">\n\t\t\t\t<div class=\"elementor-widget-container\">\n\t\t\t\t\t\t\t\t\t\t\t\t\t\t\t\t<a href=\"https:\/\/premiostrega.it\/PSE\/autore\/fernando-aramburu\/\">\n\t\t\t\t\t\t\t<img fetchpriority=\"high\" decoding=\"async\" width=\"300\" height=\"300\" src=\"https:\/\/premiostrega.it\/PSE\/wp-content\/uploads\/2018\/04\/Aramburu_Rafel_Duran.jpg\" class=\"elementor-animation-grow attachment-medium_large size-medium_large wp-image-2837\" alt=\"\" srcset=\"https:\/\/premiostrega.it\/PSE\/wp-content\/uploads\/2018\/04\/Aramburu_Rafel_Duran.jpg 300w, https:\/\/premiostrega.it\/PSE\/wp-content\/uploads\/2018\/04\/Aramburu_Rafel_Duran-150x150.jpg 150w, https:\/\/premiostrega.it\/PSE\/wp-content\/uploads\/2018\/04\/Aramburu_Rafel_Duran-60x60.jpg 60w, https:\/\/premiostrega.it\/PSE\/wp-content\/uploads\/2018\/04\/Aramburu_Rafel_Duran-200x200.jpg 200w\" sizes=\"(max-width: 300px) 100vw, 300px\" \/>\t\t\t\t\t\t\t\t<\/a>\n\t\t\t\t\t\t\t\t\t\t\t\t\t\t\t<\/div>\n\t\t\t\t<\/div>\n\t\t\t\t<div class=\"elementor-element elementor-element-fba9eae elementor-widget elementor-widget-spacer\" data-id=\"fba9eae\" data-element_type=\"widget\" data-e-type=\"widget\" data-widget_type=\"spacer.default\">\n\t\t\t\t<div class=\"elementor-widget-container\">\n\t\t\t\t\t\t\t<div class=\"elementor-spacer\">\n\t\t\t<div class=\"elementor-spacer-inner\"><\/div>\n\t\t<\/div>\n\t\t\t\t\t\t<\/div>\n\t\t\t\t<\/div>\n\t\t\t\t<div class=\"elementor-element elementor-element-0fd8017 elementor-widget elementor-widget-heading\" data-id=\"0fd8017\" data-element_type=\"widget\" data-e-type=\"widget\" data-widget_type=\"heading.default\">\n\t\t\t\t<div class=\"elementor-widget-container\">\n\t\t\t\t\t<h5 class=\"elementor-heading-title elementor-size-default\"><a href=\"https:\/\/premiostrega.it\/PSE\/autore\/fernando-aramburu\/\">Fernando Aramburu<\/a><\/h5>\t\t\t\t<\/div>\n\t\t\t\t<\/div>\n\t\t\t\t<div class=\"elementor-element elementor-element-81b8435 elementor-widget elementor-widget-heading\" data-id=\"81b8435\" data-element_type=\"widget\" data-e-type=\"widget\" data-widget_type=\"heading.default\">\n\t\t\t\t<div class=\"elementor-widget-container\">\n\t\t\t\t\t<p class=\"elementor-heading-title elementor-size-default\"><a href=\"https:\/\/premiostrega.it\/PSE\/autore\/fernando-aramburu\/\">in concorso con:<br><strong>Patria<\/strong><\/a><\/p>\t\t\t\t<\/div>\n\t\t\t\t<\/div>\n\t\t\t\t<div class=\"elementor-element elementor-element-b53c4ba elementor-widget elementor-widget-spacer\" data-id=\"b53c4ba\" data-element_type=\"widget\" data-e-type=\"widget\" data-widget_type=\"spacer.default\">\n\t\t\t\t<div class=\"elementor-widget-container\">\n\t\t\t\t\t\t\t<div class=\"elementor-spacer\">\n\t\t\t<div class=\"elementor-spacer-inner\"><\/div>\n\t\t<\/div>\n\t\t\t\t\t\t<\/div>\n\t\t\t\t<\/div>\n\t\t\t\t<\/div>\n\t\t\t\t<\/div>\n\t\t\t\t<\/div>\n\t\t\t\t<div data-elementor-type=\"loop-item\" data-elementor-id=\"6007\" class=\"elementor elementor-6007 e-loop-item e-loop-item-4715 post-4715 autore type-autore status-publish has-post-thumbnail hentry anno-107 editore-neri-pozza posizionamento-candidati\" data-elementor-post-type=\"elementor_library\" data-custom-edit-handle=\"1\">\n\t\t\t<div class=\"elementor-element elementor-element-28f5886 e-con-full e-flex e-con e-parent\" data-id=\"28f5886\" data-element_type=\"container\" data-e-type=\"container\" data-settings=\"{&quot;background_background&quot;:&quot;classic&quot;}\">\n\t\t<div class=\"elementor-element elementor-element-035524a e-con-full e-flex e-con e-child\" data-id=\"035524a\" data-element_type=\"container\" data-e-type=\"container\" data-settings=\"{&quot;background_background&quot;:&quot;classic&quot;}\">\n\t\t\t\t<div class=\"elementor-element elementor-element-aac5ba7 elementor-widget elementor-widget-image\" data-id=\"aac5ba7\" data-element_type=\"widget\" data-e-type=\"widget\" data-widget_type=\"image.default\">\n\t\t\t\t<div class=\"elementor-widget-container\">\n\t\t\t\t\t\t\t\t\t\t\t\t\t\t\t\t<a href=\"https:\/\/premiostrega.it\/PSE\/autore\/olivier-guez\/\">\n\t\t\t\t\t\t\t<img decoding=\"async\" width=\"300\" height=\"300\" src=\"https:\/\/premiostrega.it\/PSE\/wp-content\/uploads\/2018\/04\/Olivier-Gues.jpg\" class=\"elementor-animation-grow attachment-medium_large size-medium_large wp-image-2840\" alt=\"\" srcset=\"https:\/\/premiostrega.it\/PSE\/wp-content\/uploads\/2018\/04\/Olivier-Gues.jpg 300w, https:\/\/premiostrega.it\/PSE\/wp-content\/uploads\/2018\/04\/Olivier-Gues-150x150.jpg 150w, https:\/\/premiostrega.it\/PSE\/wp-content\/uploads\/2018\/04\/Olivier-Gues-60x60.jpg 60w, https:\/\/premiostrega.it\/PSE\/wp-content\/uploads\/2018\/04\/Olivier-Gues-200x200.jpg 200w\" sizes=\"(max-width: 300px) 100vw, 300px\" \/>\t\t\t\t\t\t\t\t<\/a>\n\t\t\t\t\t\t\t\t\t\t\t\t\t\t\t<\/div>\n\t\t\t\t<\/div>\n\t\t\t\t<div class=\"elementor-element elementor-element-fba9eae elementor-widget elementor-widget-spacer\" data-id=\"fba9eae\" data-element_type=\"widget\" data-e-type=\"widget\" data-widget_type=\"spacer.default\">\n\t\t\t\t<div class=\"elementor-widget-container\">\n\t\t\t\t\t\t\t<div class=\"elementor-spacer\">\n\t\t\t<div class=\"elementor-spacer-inner\"><\/div>\n\t\t<\/div>\n\t\t\t\t\t\t<\/div>\n\t\t\t\t<\/div>\n\t\t\t\t<div class=\"elementor-element elementor-element-0fd8017 elementor-widget elementor-widget-heading\" data-id=\"0fd8017\" data-element_type=\"widget\" data-e-type=\"widget\" data-widget_type=\"heading.default\">\n\t\t\t\t<div class=\"elementor-widget-container\">\n\t\t\t\t\t<h5 class=\"elementor-heading-title elementor-size-default\"><a href=\"https:\/\/premiostrega.it\/PSE\/autore\/olivier-guez\/\">Olivier Guez<\/a><\/h5>\t\t\t\t<\/div>\n\t\t\t\t<\/div>\n\t\t\t\t<div class=\"elementor-element elementor-element-81b8435 elementor-widget elementor-widget-heading\" data-id=\"81b8435\" data-element_type=\"widget\" data-e-type=\"widget\" data-widget_type=\"heading.default\">\n\t\t\t\t<div class=\"elementor-widget-container\">\n\t\t\t\t\t<p class=\"elementor-heading-title elementor-size-default\"><a href=\"https:\/\/premiostrega.it\/PSE\/autore\/olivier-guez\/\">in concorso con:<br><strong>La scomparsa di Josef Mengele<\/strong><\/a><\/p>\t\t\t\t<\/div>\n\t\t\t\t<\/div>\n\t\t\t\t<div class=\"elementor-element elementor-element-b53c4ba elementor-widget elementor-widget-spacer\" data-id=\"b53c4ba\" data-element_type=\"widget\" data-e-type=\"widget\" data-widget_type=\"spacer.default\">\n\t\t\t\t<div class=\"elementor-widget-container\">\n\t\t\t\t\t\t\t<div class=\"elementor-spacer\">\n\t\t\t<div class=\"elementor-spacer-inner\"><\/div>\n\t\t<\/div>\n\t\t\t\t\t\t<\/div>\n\t\t\t\t<\/div>\n\t\t\t\t<\/div>\n\t\t\t\t<\/div>\n\t\t\t\t<\/div>\n\t\t\t\t<div data-elementor-type=\"loop-item\" data-elementor-id=\"6007\" class=\"elementor elementor-6007 e-loop-item e-loop-item-4725 post-4725 autore type-autore status-publish has-post-thumbnail hentry anno-107 editore-bompiani posizionamento-candidati\" data-elementor-post-type=\"elementor_library\" data-custom-edit-handle=\"1\">\n\t\t\t<div class=\"elementor-element elementor-element-28f5886 e-con-full e-flex e-con e-parent\" data-id=\"28f5886\" data-element_type=\"container\" data-e-type=\"container\" data-settings=\"{&quot;background_background&quot;:&quot;classic&quot;}\">\n\t\t<div class=\"elementor-element elementor-element-035524a e-con-full e-flex e-con e-child\" data-id=\"035524a\" data-element_type=\"container\" data-e-type=\"container\" data-settings=\"{&quot;background_background&quot;:&quot;classic&quot;}\">\n\t\t\t\t<div class=\"elementor-element elementor-element-aac5ba7 elementor-widget elementor-widget-image\" data-id=\"aac5ba7\" data-element_type=\"widget\" data-e-type=\"widget\" data-widget_type=\"image.default\">\n\t\t\t\t<div class=\"elementor-widget-container\">\n\t\t\t\t\t\t\t\t\t\t\t\t\t\t\t\t<a href=\"https:\/\/premiostrega.it\/PSE\/autore\/lisa-mcinerney\/\">\n\t\t\t\t\t\t\t<img decoding=\"async\" width=\"300\" height=\"300\" src=\"https:\/\/premiostrega.it\/PSE\/wp-content\/uploads\/2018\/04\/Lisa-McInerney-by-Brid-O-Donovan-2017-2.jpg\" class=\"elementor-animation-grow attachment-medium_large size-medium_large wp-image-2848\" alt=\"\" srcset=\"https:\/\/premiostrega.it\/PSE\/wp-content\/uploads\/2018\/04\/Lisa-McInerney-by-Brid-O-Donovan-2017-2.jpg 300w, https:\/\/premiostrega.it\/PSE\/wp-content\/uploads\/2018\/04\/Lisa-McInerney-by-Brid-O-Donovan-2017-2-150x150.jpg 150w, https:\/\/premiostrega.it\/PSE\/wp-content\/uploads\/2018\/04\/Lisa-McInerney-by-Brid-O-Donovan-2017-2-60x60.jpg 60w, https:\/\/premiostrega.it\/PSE\/wp-content\/uploads\/2018\/04\/Lisa-McInerney-by-Brid-O-Donovan-2017-2-200x200.jpg 200w\" sizes=\"(max-width: 300px) 100vw, 300px\" \/>\t\t\t\t\t\t\t\t<\/a>\n\t\t\t\t\t\t\t\t\t\t\t\t\t\t\t<\/div>\n\t\t\t\t<\/div>\n\t\t\t\t<div class=\"elementor-element elementor-element-fba9eae elementor-widget elementor-widget-spacer\" data-id=\"fba9eae\" data-element_type=\"widget\" data-e-type=\"widget\" data-widget_type=\"spacer.default\">\n\t\t\t\t<div class=\"elementor-widget-container\">\n\t\t\t\t\t\t\t<div class=\"elementor-spacer\">\n\t\t\t<div class=\"elementor-spacer-inner\"><\/div>\n\t\t<\/div>\n\t\t\t\t\t\t<\/div>\n\t\t\t\t<\/div>\n\t\t\t\t<div class=\"elementor-element elementor-element-0fd8017 elementor-widget elementor-widget-heading\" data-id=\"0fd8017\" data-element_type=\"widget\" data-e-type=\"widget\" data-widget_type=\"heading.default\">\n\t\t\t\t<div class=\"elementor-widget-container\">\n\t\t\t\t\t<h5 class=\"elementor-heading-title elementor-size-default\"><a href=\"https:\/\/premiostrega.it\/PSE\/autore\/lisa-mcinerney\/\">Lisa McInerney<\/a><\/h5>\t\t\t\t<\/div>\n\t\t\t\t<\/div>\n\t\t\t\t<div class=\"elementor-element elementor-element-81b8435 elementor-widget elementor-widget-heading\" data-id=\"81b8435\" data-element_type=\"widget\" data-e-type=\"widget\" data-widget_type=\"heading.default\">\n\t\t\t\t<div class=\"elementor-widget-container\">\n\t\t\t\t\t<p class=\"elementor-heading-title elementor-size-default\"><a href=\"https:\/\/premiostrega.it\/PSE\/autore\/lisa-mcinerney\/\">in concorso con:<br><strong>Peccati Gloriosi<\/strong><\/a><\/p>\t\t\t\t<\/div>\n\t\t\t\t<\/div>\n\t\t\t\t<div class=\"elementor-element elementor-element-b53c4ba elementor-widget elementor-widget-spacer\" data-id=\"b53c4ba\" data-element_type=\"widget\" data-e-type=\"widget\" data-widget_type=\"spacer.default\">\n\t\t\t\t<div class=\"elementor-widget-container\">\n\t\t\t\t\t\t\t<div class=\"elementor-spacer\">\n\t\t\t<div class=\"elementor-spacer-inner\"><\/div>\n\t\t<\/div>\n\t\t\t\t\t\t<\/div>\n\t\t\t\t<\/div>\n\t\t\t\t<\/div>\n\t\t\t\t<\/div>\n\t\t\t\t<\/div>\n\t\t\t\t<div data-elementor-type=\"loop-item\" data-elementor-id=\"6007\" class=\"elementor elementor-6007 e-loop-item e-loop-item-4734 post-4734 autore type-autore status-publish has-post-thumbnail hentry anno-107 editore-einaudi posizionamento-candidati\" data-elementor-post-type=\"elementor_library\" data-custom-edit-handle=\"1\">\n\t\t\t<div class=\"elementor-element elementor-element-28f5886 e-con-full e-flex e-con e-parent\" data-id=\"28f5886\" data-element_type=\"container\" data-e-type=\"container\" data-settings=\"{&quot;background_background&quot;:&quot;classic&quot;}\">\n\t\t<div class=\"elementor-element elementor-element-035524a e-con-full e-flex e-con e-child\" data-id=\"035524a\" data-element_type=\"container\" data-e-type=\"container\" data-settings=\"{&quot;background_background&quot;:&quot;classic&quot;}\">\n\t\t\t\t<div class=\"elementor-element elementor-element-aac5ba7 elementor-widget elementor-widget-image\" data-id=\"aac5ba7\" data-element_type=\"widget\" data-e-type=\"widget\" data-widget_type=\"image.default\">\n\t\t\t\t<div class=\"elementor-widget-container\">\n\t\t\t\t\t\t\t\t\t\t\t\t\t\t\t\t<a href=\"https:\/\/premiostrega.it\/PSE\/autore\/audur-ava-olafsdottir\/\">\n\t\t\t\t\t\t\t<img loading=\"lazy\" decoding=\"async\" width=\"300\" height=\"300\" src=\"https:\/\/premiostrega.it\/PSE\/wp-content\/uploads\/2018\/04\/olaf.jpg\" class=\"elementor-animation-grow attachment-medium_large size-medium_large wp-image-2908\" alt=\"\" srcset=\"https:\/\/premiostrega.it\/PSE\/wp-content\/uploads\/2018\/04\/olaf.jpg 300w, https:\/\/premiostrega.it\/PSE\/wp-content\/uploads\/2018\/04\/olaf-150x150.jpg 150w, https:\/\/premiostrega.it\/PSE\/wp-content\/uploads\/2018\/04\/olaf-60x60.jpg 60w, https:\/\/premiostrega.it\/PSE\/wp-content\/uploads\/2018\/04\/olaf-200x200.jpg 200w\" sizes=\"(max-width: 300px) 100vw, 300px\" \/>\t\t\t\t\t\t\t\t<\/a>\n\t\t\t\t\t\t\t\t\t\t\t\t\t\t\t<\/div>\n\t\t\t\t<\/div>\n\t\t\t\t<div class=\"elementor-element elementor-element-fba9eae elementor-widget elementor-widget-spacer\" data-id=\"fba9eae\" data-element_type=\"widget\" data-e-type=\"widget\" data-widget_type=\"spacer.default\">\n\t\t\t\t<div class=\"elementor-widget-container\">\n\t\t\t\t\t\t\t<div class=\"elementor-spacer\">\n\t\t\t<div class=\"elementor-spacer-inner\"><\/div>\n\t\t<\/div>\n\t\t\t\t\t\t<\/div>\n\t\t\t\t<\/div>\n\t\t\t\t<div class=\"elementor-element elementor-element-0fd8017 elementor-widget elementor-widget-heading\" data-id=\"0fd8017\" data-element_type=\"widget\" data-e-type=\"widget\" data-widget_type=\"heading.default\">\n\t\t\t\t<div class=\"elementor-widget-container\">\n\t\t\t\t\t<h5 class=\"elementor-heading-title elementor-size-default\"><a href=\"https:\/\/premiostrega.it\/PSE\/autore\/audur-ava-olafsdottir\/\">Au\u00f0ur Ava \u00d3lafsd\u00f3ttir<\/a><\/h5>\t\t\t\t<\/div>\n\t\t\t\t<\/div>\n\t\t\t\t<div class=\"elementor-element elementor-element-81b8435 elementor-widget elementor-widget-heading\" data-id=\"81b8435\" data-element_type=\"widget\" data-e-type=\"widget\" data-widget_type=\"heading.default\">\n\t\t\t\t<div class=\"elementor-widget-container\">\n\t\t\t\t\t<p class=\"elementor-heading-title elementor-size-default\"><a href=\"https:\/\/premiostrega.it\/PSE\/autore\/audur-ava-olafsdottir\/\">in concorso con:<br><strong>Hotel Silence<\/strong><\/a><\/p>\t\t\t\t<\/div>\n\t\t\t\t<\/div>\n\t\t\t\t<div class=\"elementor-element elementor-element-b53c4ba elementor-widget elementor-widget-spacer\" data-id=\"b53c4ba\" data-element_type=\"widget\" data-e-type=\"widget\" data-widget_type=\"spacer.default\">\n\t\t\t\t<div class=\"elementor-widget-container\">\n\t\t\t\t\t\t\t<div class=\"elementor-spacer\">\n\t\t\t<div class=\"elementor-spacer-inner\"><\/div>\n\t\t<\/div>\n\t\t\t\t\t\t<\/div>\n\t\t\t\t<\/div>\n\t\t\t\t<\/div>\n\t\t\t\t<\/div>\n\t\t\t\t<\/div>\n\t\t\t\t<div data-elementor-type=\"loop-item\" data-elementor-id=\"6007\" class=\"elementor elementor-6007 e-loop-item e-loop-item-4737 post-4737 autore type-autore status-publish has-post-thumbnail hentry anno-107 editore-edizioni-e-o posizionamento-candidati\" data-elementor-post-type=\"elementor_library\" data-custom-edit-handle=\"1\">\n\t\t\t<div class=\"elementor-element elementor-element-28f5886 e-con-full e-flex e-con e-parent\" data-id=\"28f5886\" data-element_type=\"container\" data-e-type=\"container\" data-settings=\"{&quot;background_background&quot;:&quot;classic&quot;}\">\n\t\t<div class=\"elementor-element elementor-element-035524a e-con-full e-flex e-con e-child\" data-id=\"035524a\" data-element_type=\"container\" data-e-type=\"container\" data-settings=\"{&quot;background_background&quot;:&quot;classic&quot;}\">\n\t\t\t\t<div class=\"elementor-element elementor-element-aac5ba7 elementor-widget elementor-widget-image\" data-id=\"aac5ba7\" data-element_type=\"widget\" data-e-type=\"widget\" data-widget_type=\"image.default\">\n\t\t\t\t<div class=\"elementor-widget-container\">\n\t\t\t\t\t\t\t\t\t\t\t\t\t\t\t\t<a href=\"https:\/\/premiostrega.it\/PSE\/autore\/lize-spit\/\">\n\t\t\t\t\t\t\t<img loading=\"lazy\" decoding=\"async\" width=\"300\" height=\"300\" src=\"https:\/\/premiostrega.it\/PSE\/wp-content\/uploads\/2018\/04\/Lize-Spit.jpg\" class=\"elementor-animation-grow attachment-medium_large size-medium_large wp-image-2845\" alt=\"\" srcset=\"https:\/\/premiostrega.it\/PSE\/wp-content\/uploads\/2018\/04\/Lize-Spit.jpg 300w, https:\/\/premiostrega.it\/PSE\/wp-content\/uploads\/2018\/04\/Lize-Spit-150x150.jpg 150w, https:\/\/premiostrega.it\/PSE\/wp-content\/uploads\/2018\/04\/Lize-Spit-60x60.jpg 60w, https:\/\/premiostrega.it\/PSE\/wp-content\/uploads\/2018\/04\/Lize-Spit-200x200.jpg 200w\" sizes=\"(max-width: 300px) 100vw, 300px\" \/>\t\t\t\t\t\t\t\t<\/a>\n\t\t\t\t\t\t\t\t\t\t\t\t\t\t\t<\/div>\n\t\t\t\t<\/div>\n\t\t\t\t<div class=\"elementor-element elementor-element-fba9eae elementor-widget elementor-widget-spacer\" data-id=\"fba9eae\" data-element_type=\"widget\" data-e-type=\"widget\" data-widget_type=\"spacer.default\">\n\t\t\t\t<div class=\"elementor-widget-container\">\n\t\t\t\t\t\t\t<div class=\"elementor-spacer\">\n\t\t\t<div class=\"elementor-spacer-inner\"><\/div>\n\t\t<\/div>\n\t\t\t\t\t\t<\/div>\n\t\t\t\t<\/div>\n\t\t\t\t<div class=\"elementor-element elementor-element-0fd8017 elementor-widget elementor-widget-heading\" data-id=\"0fd8017\" data-element_type=\"widget\" data-e-type=\"widget\" data-widget_type=\"heading.default\">\n\t\t\t\t<div class=\"elementor-widget-container\">\n\t\t\t\t\t<h5 class=\"elementor-heading-title elementor-size-default\"><a href=\"https:\/\/premiostrega.it\/PSE\/autore\/lize-spit\/\">Lize Spit<\/a><\/h5>\t\t\t\t<\/div>\n\t\t\t\t<\/div>\n\t\t\t\t<div class=\"elementor-element elementor-element-81b8435 elementor-widget elementor-widget-heading\" data-id=\"81b8435\" data-element_type=\"widget\" data-e-type=\"widget\" data-widget_type=\"heading.default\">\n\t\t\t\t<div class=\"elementor-widget-container\">\n\t\t\t\t\t<p class=\"elementor-heading-title elementor-size-default\"><a href=\"https:\/\/premiostrega.it\/PSE\/autore\/lize-spit\/\">in concorso con:<br><strong>Si scioglie<\/strong><\/a><\/p>\t\t\t\t<\/div>\n\t\t\t\t<\/div>\n\t\t\t\t<div class=\"elementor-element elementor-element-b53c4ba elementor-widget elementor-widget-spacer\" data-id=\"b53c4ba\" data-element_type=\"widget\" data-e-type=\"widget\" data-widget_type=\"spacer.default\">\n\t\t\t\t<div class=\"elementor-widget-container\">\n\t\t\t\t\t\t\t<div class=\"elementor-spacer\">\n\t\t\t<div class=\"elementor-spacer-inner\"><\/div>\n\t\t<\/div>\n\t\t\t\t\t\t<\/div>\n\t\t\t\t<\/div>\n\t\t\t\t<\/div>\n\t\t\t\t<\/div>\n\t\t\t\t<\/div>\n\t\t\t\t<\/div>\n\t\t\n\t\t\t\t\t\t<\/div>\n\t\t\t\t<\/div>\n\t\t\t\t\t<\/div>\n\t\t<\/div>\n\t\t\t\t\t<\/div>\n\t\t<\/section>\n\t\t\t\t\t<\/div>\n\t\t<\/div>\n\t\t\t\t\t<\/div>\n\t\t<\/section>\n\t\t\t\t<\/div>\n\t\t","protected":false},"excerpt":{"rendered":"<p>Candidati Vincitore<\/p>\n","protected":false},"author":1,"featured_media":5947,"parent":0,"menu_order":0,"comment_status":"closed","ping_status":"closed","template":"","meta":{"footnotes":""},"class_list":["post-3017","page","type-page","status-publish","has-post-thumbnail","hentry"],"_links":{"self":[{"href":"https:\/\/premiostrega.it\/PSE\/wp-json\/wp\/v2\/pages\/3017","targetHints":{"allow":["GET"]}}],"collection":[{"href":"https:\/\/premiostrega.it\/PSE\/wp-json\/wp\/v2\/pages"}],"about":[{"href":"https:\/\/premiostrega.it\/PSE\/wp-json\/wp\/v2\/types\/page"}],"author":[{"embeddable":true,"href":"https:\/\/premiostrega.it\/PSE\/wp-json\/wp\/v2\/users\/1"}],"replies":[{"embeddable":true,"href":"https:\/\/premiostrega.it\/PSE\/wp-json\/wp\/v2\/comments?post=3017"}],"version-history":[{"count":16,"href":"https:\/\/premiostrega.it\/PSE\/wp-json\/wp\/v2\/pages\/3017\/revisions"}],"predecessor-version":[{"id":6755,"href":"https:\/\/premiostrega.it\/PSE\/wp-json\/wp\/v2\/pages\/3017\/revisions\/6755"}],"wp:featuredmedia":[{"embeddable":true,"href":"https:\/\/premiostrega.it\/PSE\/wp-json\/wp\/v2\/media\/5947"}],"wp:attachment":[{"href":"https:\/\/premiostrega.it\/PSE\/wp-json\/wp\/v2\/media?parent=3017"}],"curies":[{"name":"wp","href":"https:\/\/api.w.org\/{rel}","templated":true}]}}