{"id":513,"date":"2018-04-16T10:25:31","date_gmt":"2018-04-16T08:25:31","guid":{"rendered":"http:\/\/www.fondazionebellonci.it\/new\/?page_id=513"},"modified":"2026-04-17T19:40:43","modified_gmt":"2026-04-17T17:40:43","slug":"giuria","status":"publish","type":"page","link":"https:\/\/premiostrega.it\/PSE\/giuria\/","title":{"rendered":"Giuria"},"content":{"rendered":"<p><b>Marco Amerighi <\/b>vive a Milano, dove lavora come traduttore, editor e ghostwriter per varie case editrici. Il suo romanzo d\u2019esordio, <i>Le nostre ore contate<\/i> (Mondadori 2018), ha vinto il premio Bagutta Opera Prima ed \u00e8 stato pubblicato in Francia. <i>Randagi<\/i> (Bollati Boringhieri finalista Premio Strega 2022) \u00e8 il suo secondo romanzo.<\/p>\n<p><b>Silvia Avallone <\/b>\u00e8 nata a Biella nel 1984 e vive a Bologna. Per Rizzoli ha pubblicato <i>Acciaio<\/i> (2010), da cui \u00e8 stato tratto l&#8217;omonimo film, <i>Marina Bellezza<\/i> (2013), <i>Da dove la vita \u00e8 perfetta<\/i> (2017), <i>Un\u2019amicizia<\/i> (2020) e <i>Cuore nero<\/i> (2024).\u00a0\u00a0<b><\/b><\/p>\n<p><b>Marco Balzano<\/b>\u202f\u00e8 nato a Milano nel 1978. Per Sellerio ha pubblicato i romanzi:\u202f<i>Il figlio del figlio <\/i>(2010),\u202f<i>Pronti a tutte le partenze <\/i>(2013)\u202fe\u202f<i>L&#8217;ultimo arrivato<\/i> (2014). Per Einaudi ha pubblicato\u202f<i>Resto qui<\/i>\u202f(2018 e 2020 finalista Premio Strega). Per Einaudi ha inoltre pubblicato\u202f<i>Le parole sono importanti<\/i>\u202f(2019),\u202f<i>Quando torner\u00f2<\/i>\u202f(2021 e 2022),\u202f<i>Nature umane<\/i>\u202f(2022) e\u202f<i>Caf\u00e9 Royal<\/i>\u202f(2023). Presso Feltrinelli sono usciti <i>Cosa c&#8217;entra la felicit\u00e0?<\/i> (2022) e <i>Ti ricordi, pap\u00e0?<\/i> (2023 con illustrazioni di Riccardo Guasco). \u00c8 tradotto in pi\u00f9 di trenta Paesi.<\/p>\n<p><b>Giuseppe Catozzella<\/b> \u00e8 nato a Milano nel 1976. \u00c8 autore di reportage e romanzi tradotti in tutto il mondo, tra i quali il bestseller internazionale <i>Non dirmi che hai paura<\/i> (vincitore Premio Strega Giovani 2014 che gli \u00e8 valso la nomina ad ambasciatore dell&#8217;Agenzia ONU per i Rifugiati), <i>Alveare<\/i> (2011), <i>Il grande futuro<\/i> (2016), e <i>E tu splendi<\/i> (2018), tutti pubblicati da Feltrinelli. Il suo ultimo romanzo, <i>Italiana<\/i>, \u00e8 uscito nel 2021 per Mondadori.<\/p>\n<p><b>Benedetta Cibrario<\/b>\u00a0\u00e8 nata a Firenze nel 1962, da padre torinese e madre napoletana. Vive a Londra. Nel 2007 esordisce con il romanzo <i>Rossovermiglio <\/i>(Feltrinelli, premio Campiello 2008). <i>Rossovermiglio <\/i>viene tradotto e pubblicato in diversi paesi, tra cui la Germania, l\u2019Olanda, il Portogallo, la Grecia. Nel 2009 esce <i>Sotto cieli noncuranti<\/i>\u00a0(Feltrinelli, premio Rapallo Carige 2010) e, successivamente, <i>Lo Scurnuso<\/i>\u00a0(Feltrinelli, 2011) e <i>L&#8217;uomo che dormiva al parco <\/i>(Feltrinelli, 2012). Con <i>Il rumore del mondo <\/i>(Mondadori, 2019, finalista Premio Strega)<i>\u00a0<\/i>vince il Premio letterario Basilicata e il Premio Asti d&#8217;Appello.<\/p>\n<p><b>Mario Desiati<\/b> \u00e8 scrittore, poeta e giornalista. Originario di Martina Franca, vive da tempo a Roma. \u00c8 stato caporedattore della rivista \u00abNuovi Argomenti\u00bb, redattore junior per Mondadori e direttore editoriale per Fandango Libri. Ha pubblicato poesie, saggi, antologie e romanzi. Tra gli altri: <i>Il libro dell\u2019amore proibito<\/i> (Mondadori 2013), <i>Mare di Zucchero<\/i> (Mondadori 2014) e <i>Candore<\/i> (Einaudi 2016). Collabora con alcune testate giornalistiche come \u00abla Repubblica\u00bb e \u00abl\u2019Unit\u00e0\u00bb e le sue opere sono tradotte in tutto il mondo. Il suo ultimo romanzo \u00e8 <i>Spatriati<\/i> (Einaudi 2021) con il quale ha vinto il Premio Strega 2022.<\/p>\n<p><b>Paolo Di Paolo <\/b>\u00e8 nato nel 1983 a Roma. Ha pubblicato i romanzi <i>Raccontami la notte in cui sono nato <\/i>(2008), <i>Dove eravate tutti<\/i>\u00a0(2011 Premio Mondello e Super Premio Vittorini), <i>Mandami tanta vita<\/i>\u00a0(2013 finalista Premio Strega), <i>Una storia quasi solo d\u2019amore <\/i>(2016), <i>Lontano dagli occhi <\/i>(2019 Premio Viareggio-R\u00e8paci), tutti nel catalogo Feltrinelli e tradotti in diverse lingue europee. Molti suoi libri sono nati da dialoghi: con Antonio Debenedetti, Dacia Maraini, Raffaele La Capria, Antonio Tabucchi, di cui ha curato <i>Viaggi e altri viaggi<\/i>\u00a0(Feltrinelli 2010), e Nanni Moretti. \u00c8 autore di testi per bambini, fra cui <i>La mucca volante <\/i>(2014 finalista Premio Strega Ragazze e Ragazzi) e <i>I Classici compagni di scuola<\/i>\u00a0(Feltrinelli 2021), e per il teatro. Scrive per \u00abla Repubblica\u00bb e per\u00a0\u00abL\u2019Espresso\u00bb. Nel 2024, ha pubblicato per Feltrinelli <i>Romanzo senza umani<\/i>\u00a0con cui \u00e8 stato finalista al Premio Strega.<\/p>\n<p><b>Donatella Di Pietrantonio<\/b> vive e lavora a Penne, in Abruzzo. Con <i>L\u2019Arminuta<\/i>\u00a0(Einaudi 2017 tradotto in pi\u00f9 di 30 Paesi) ha vinto numerosi premi, tra cui il Premio Campiello, il Premio Napoli e il Premio Alassio. Per Einaudi ha pubblicato anche <i>Mia madre \u00e8 un fiume <\/i>(prima edizione Elliot 2011), con cui ha vinto il Premio Tropea, <i>Bella mia<\/i>\u00a0(prima edizione Elliot 2014), con cui ha partecipato al Premio Strega 2014 e ha vinto il Premio Brancati, <i>Borgo Sud<\/i>\u00a0(2020), finalista al Premio Strega 2021. Per la sceneggiatura del film <i>L\u2019Arminuta<\/i>\u00a0di Giuseppe Bonito ha vinto il David di Donatello insieme a Monica Zapelli. Nel 2024, con <i>L&#8217;et\u00e0 fragile <\/i>(Einaudi) ha vinto il Premio Strega e il Premio Strega Giovani.<\/p>\n<p><strong>Claudia Durastanti\u00a0<\/strong>\u00e8 nata a Brooklyn nel 1984. \u00c8 scrittrice e traduttrice dall\u2019inglese. Il suo romanzo d\u2019esordio <i>Un giorno verr\u00f2 a lanciare sassi alla tua finestra<\/i>\u00a0(Marsilio 2010) ha vinto il premio Mondello Giovani. Ha pubblicato <i>A Chloe, per le ragioni sbagliate<\/i>\u00a0(Marsilio 2013), <i>Cleopatra va in prigione<\/i>\u00a0(minimum fax 2016) e <i>La straniera<\/i>\u00a0(La nave di Teseo 2019), finalista al premio Strega, tradotto in pi\u00f9 di 25 paesi e tra i migliori libri del 2022 per il \u00abNew Yorker\u00bb. Ha una rubrica di musica su \u00abInternazionale\u00bb e cura i libri della Tartaruga. Il suo ultimo romanzo \u00e8 <i>Missitalia<\/i>\u00a0(La nave Teseo 2024).<\/p>\n<p><b>Paolo Giordano <\/b>\u00e8 nato a Torino nel 1982. Ha un dottorato in fisica ed \u00e8 autore di cinque romanzi:\u00a0<i>La solitudine dei numeri primi<\/i>\u00a0(Mondadori 2008, Premio Strega e Premio Campiello Opera Prima),\u00a0<i>Il corpo umano<\/i>\u00a0(Mondadori 2012),\u00a0<i>Il nero e l&#8217;argento<\/i>\u00a0(Einaudi 2014 e 2017),\u00a0<i>Divorare il cielo<\/i>\u00a0(Einaudi 2018 e 2019) e\u00a0<i>Tasmania<\/i>\u00a0(Einaudi 2022). Per Einaudi ha pubblicato anche\u00a0<i>Nel contagio<\/i>\u00a0(2020),\u00a0<i>Le cose che non voglio dimenticare<\/i>\u00a0(2021) e\u00a0<i>Il corpo umano<\/i>\u00a0(2024). Ha scritto per il teatro (<i>Galois<\/i>\u00a0e\u00a0<i>Fine pena: ora<\/i>) e collabora con il \u00abCorriere della Sera\u00bb.<\/p>\n<p><b>Helena Janeczek<\/b>, nata a Monaco di Baviera in una famiglia ebreo-polacca, vive in Italia da oltre trent\u2019anni. \u00c8 autrice di\u202f<i>Lezioni di tenebra<\/i>,\u202f<i>Le rondini di Montecassino<\/i> e\u202f<i>La ragazza con la Leica<\/i>, (Guanda 2017 vincitrice Premio Strega 2018). Il suo ultimo romanzo \u00e8 <i>Il tempo degli imprevisti<\/i>. Tutti i suoi libri sono stati pubblicati da Guanda.<\/p>\n<p><b>Nicola Lagioia<\/b>\u202f\u00e8 nato a Bari nel 1973. Con minimum fax ha pubblicato\u202f<i>Tre sistemi per sbarazzarsi di Tolstoj\u202f<\/i>(2001), e con Einaudi\u202f<i>Occidente per principianti\u202f<\/i>(2004),\u202f<i>Riportando tutto a casa,<\/i>\u202f<i>La ferocia<\/i>\u202f(2014 vincitore Premio Strega 2015) e\u202f<i>La citt\u00e0 dei vivi<\/i>\u202f(2020) da cui \u00e8 stato tratto un podcast prodotto da Chora media. Dal 2010 \u00e8 uno dei conduttori di Pagina3, la rassegna quotidiana delle pagine culturali trasmessa da Rai Radio 3. \u00c8 tra i fondatori del blog letterario \u00abMinima et Moralia\u00bb ed \u00e8 stato uno dei selezionatori della Mostra Internazionale d\u2019Arte Cinematografica di Venezia. Dal 2016 al 2023 ha ricoperto il ruolo di direttore del Salone Internazionale del Libro di Torino. \u00c8 direttore della rivista culturale digitale \u00abLucy sulla cultura\u00bb.<\/p>\n<p><b>Lia Levi<\/b>, di famiglia piemontese, vive a Roma, dove ha diretto per trent\u2019anni il mensile ebraico\u202f\u00abShalom\u00bb. Per E\/O ha pubblicato:\u202f<i>Una bambina e basta<\/i>\u202f(1994),\u202f<i>Quasi un\u2019estate <\/i>(1995),\u202f<i>L\u2019Albergo della Magnolia<\/i>\u202f(2001),<i> Il mondo \u00e8 cominciato da un pezzo<\/i> (2005),\u202f<i>L\u2019amore mio non pu\u00f2<\/i> (2006),\u202f<i>La sposa gentile<\/i>\u202f(2010),\u202f<i>La notte dell\u2019oblio<\/i> (2012),\u202f<i>Il braccialetto<\/i>\u202f(2014) e\u202f<i>Questa sera \u00e8 gi\u00e0 doman <\/i>(2018 vincitore Premio Strega Giovani). I suoi ultimi libri sono <i>Per un biglietto del cinema in pi\u00f9 <\/i>(Salani 2022) e <i>La bambina da oltre il confine<\/i> (Piemme 2023).<\/p>\n<p><b>Melania G. Mazzucco<\/b>\u202f\u00e8 autrice di\u202f<i>Il bacio della Medusa<\/i>\u202f(Baldini &amp; Castoldi 1996; Einaudi 2022),\u202f<i>La camera di Baltus<\/i>\u202f(Baldini &amp; Castoldi 1998; Einaudi 2023), <i>Lei cos\u00ed amata<\/i>\u202f(Rizzoli 2000; Einaudi 2016),\u202f<i>Vita<\/i>\u202f(Rizzoli 2003; Einaudi 2014) con cui ha vinto il Premio Strega 2003,\u202f<i>Un giorno perfetto<\/i>\u202f(Rizzoli 2005; Einaudi 2017),\u202f<i>La lunga attesa dell&#8217;angelo<\/i>\u202f(Rizzoli 2008; Einaudi 2021). Per Einaudi ha inoltre pubblicato:\u202f<i>Limbo<\/i>\u202f(2012),\u202f<i>Il bassotto e la Regina<\/i>\u202f(2012),\u202f<i>Sei come sei<\/i>\u202f(2013),<i> Il museo del mondo<\/i>\u202f(2014), <i>Io sono con te<\/i>\u202f(2016),\u202f<i>L&#8217;architettrice<\/i>\u202f(2019),\u202f<i>Self-Portrait<\/i>\u202f(2022) e la pi\u00e8ce teatrale\u202f<i>Dulhan &#8211; La sposa<\/i>\u202f(2023). A Tintoretto, Melania Mazzucco ha dedicato, oltre al romanzo\u202f<i>La lunga attesa dell&#8217;angelo<\/i>, il docufilm\u202f<i>Tintoretto. Un ribelle a Venezia<\/i>\u202f(2019), da lei ideato e scritto per Sky Arte, e\u202f<i>Jacomo Tintoretto &amp; i suoi figli. Storia di una famiglia veneziana<\/i>\u202f(Einaudi 2023).<\/p>\n<p><b>Daniele Mencarelli<\/b>, poeta e narratore, nasce a Roma nel 1974. Vive ad Ariccia.\u00a0Esordisce come poeta con <i>I giorni condivisi<\/i> (La nuova agape 2001) a cui seguono <i>Bambino Ges\u00f9, Ospedale Pediatrico<\/i> (Tipografie Vaticane 2001).\u00a0Del 2018 \u00e8 il suo romanzo d\u2019esordio <i>La casa degli sguardi<\/i> (Mondadori). Nel 2020 esce <i>Tutto chiede salvezza <\/i>(Mondadori, finalista Premio Strega, vincitore Premio Strega Giovani 2020) da cui \u00e8 stata tratta per Netflix la serie omonima, con regia di Francesco Bruni. La sua ultima collana di poesie \u00e8 <i>Degli amanti non degli eroi<\/i> (Mondadori 2024).\u00a0\u00a0Collabora scrivendo di cultura e societ\u00e0 con quotidiani e riviste.<\/p>\n<p><b>Marco Missiroli<\/b>\u202f\u00e8 nato a Rimini e vive a Milano. \u00c8 autore dei romanzi\u202f<i>Senza coda<\/i>\u202f(Fanucci 2005; Feltrinelli 2017), <i>Il buio addosso<\/i>\u202f(Guanda 2007),\u202f<i>Bianco<\/i>\u202f(Guanda 2009; Einaudi 2022),\u202f<i>Il senso dell&#8217;elefante<\/i>\u202f(Guanda 2012). Ha pubblicato il bestseller\u202f<i>Atti osceni in luogo privato<\/i>\u202f(Feltrinelli 2015) e per Einaudi <i>Fedelt\u00e0<\/i>\u202f(2019 e 2021, vincitore Premio Strega Giovani, da cui \u00e8 tratta una serie tv originale di Netflix) e\u202f<i>Avere tutto <\/i>(2022 e 2024). I suoi libri sono stati tradotti in numerosi Paesi. Collabora con il \u00abCorriere della Sera\u00bb.<\/p>\n<p><b>Matteo Nucci<\/b> \u00e8 nato a Roma nel 1970. Ha pubblicato con Ponte alle Grazie i romanzi <i>Sono comuni le cose degli amici<\/i> (2009 finalista Premio Strega), <i>Il toro non sbaglia mai<\/i> (2011), <i>\u00c8 giusto obbedire alla notte<\/i> (2017 finalista al Premio Strega). Da HarperCollins Italia \u00e8 uscito <i>Sono difficili le cose belle<\/i> (2022) e da Einaudi una nuova edizione del <i>Simposio di Platone<\/i> (2009), il saggio narrativo <i>Le lacrime degli eroi<\/i> (2013) e <i>Il Grido di Pan<\/i> (2023). Per Einaudi Stile Libero \u00e8 uscito <i>Achille e Odisseo. La ferocia e l\u2019inganno<\/i> (2020). I suoi racconti sono apparsi in riviste e antologie. Collabora con \u00abIl Venerd\u00ec di Repubblica\u00bb e \u00abl\u2019Espresso\u00bb. Il suo ultimo libro \u00e8 <i>Sognava i leoni. L\u2019eroismo fragile di Ernest Hemingway<\/i> (HarperCollins Italia 2024).<\/p>\n<p><b>Valeria Parrella<\/b>\u202f\u00e8 nata nel 1974 e vive a Napoli. Per Einaudi ha pubblicato i romanzi\u202f<i>Lo spazio bianco <\/i>(2008, 2010 e 2018), da cui Francesca Comencini ha tratto l\u2019omonimo film,\u202f<i>Lettera di dimissioni<\/i>\u202f(2011),\u202f<i>Tempo di imparare<\/i>\u202f(2014), la raccolta di racconti\u202f<i>Troppa importanza all\u2019amore<\/i>\u202f(2015),\u202f<i>Enciclopedia della donna. Aggiornamento<\/i>\u202f(2017) e\u202f<i>Almarina<\/i>\u202f(2019 finalista Premio Strega 2020). Con HarperCollins Italia \u00e8 uscito <i>Quel tipo di donna<\/i> (2020); con Feltrinelli <i>La fortuna<\/i> (2022) e <i>Piccoli miracoli e altri tradimenti<\/i> (2024). Da anni si occupa della rubrica dei libri di \u00abGrazia\u00bb e collabora con \u00abla Repubblica\u00bb.<\/p>\n<p><b>Romana Petri<\/b>\u00a0vive a Roma. Tra le sue opere,\u00a0<em>Ovunque io sia<\/em>\u00a0(Neri Pozza 2008),\u00a0<em>Le serenate del Ciclone<\/em>\u00a0(Neri Pozza 2015),\u00a0<em>Il mio cane del\u00a0Klondike<\/em>\u00a0(Neri Pozza 2017),\u00a0<em>Pranzi di famiglia<\/em>\u00a0(Neri Pozza 2019),\u00a0<em>Figlio del lupo<\/em>\u00a0(Mondadori 2020),\u00a0<em>Cuore di furia<\/em>\u00a0(Marsilio 2020),\u00a0<em>La rappresentazione<\/em>\u00a0(Mondadori 2021) e\u00a0<em>Mostruosa maternit\u00e0<\/em>\u00a0(Giulio Perrone\u00a0Editore\u00a02022), <i>Rubare la notte<\/i>\u00a0e <i>Tutto su di noi<\/i> (Mondadori 2023 e 2024).\u00a0Traduttrice e critico, collabora con\u00a0\u00abIo Donna\u00bb,\u00a0\u00abLa Stampa\u00bb,\u00a0\u00abil Venerd\u00ec di Repubblica\u00bb\u00a0e il\u00a0\u00abCorriere della Sera\u00bb. I suoi romanzi sono tradotti in Inghilterra, Stati Uniti, Francia, Spagna, Serbia, Olanda, Germania e Portogallo (dove ha lungamente vissuto).<\/p>\n<p><b>Sandra Petrignani<\/b> \u00e8 nata a Piacenza. Vive a Roma e nella campagna umbra. Con Neri Pozza ha pubblicato <i>La scrittrice abita qui<\/i> (2011), pellegrinaggio nelle case di grandi scrittrici del Novecento, i racconti di fantasmi <i>Care presenze<\/i> (2004), il libro di viaggio <i>Ultima India<\/i> (2006), il romanzo-documento <i>Addio a Roma<\/i> (2013) e la biografia romanzata di Duras, <i>Marguerite<\/i> (2014). Da Beat \u00e8 stato recentemente riproposto il suo secondo libro, del 1988, <i>Il catalogo dei giocattoli<\/i>. Il suo ultimo libro \u00e8 <i>La corsara<\/i> (Neri Pozza 2020).<\/p>\n<p><b>Veronica Raimo<\/b>\u202f\u00e8 nata a Roma nel 1978. Ha scritto i romanzi:\u202f<i>Il dolore secondo Matteo<\/i>\u202f(minimum fax 2007),\u202f<i>Tutte le feste di domani<\/i>\u202f(Rizzoli 2013) e\u202f<i>Miden<\/i>\u202f(Mondadori 2018). Nel 2019 ha scritto il libro di poesie\u202f<i>Le bambinacce<\/i>\u202fcon Marco Rossari (Feltrinelli). I suoi racconti sono apparsi su diverse antologie e riviste, sia in Italia che all&#8217;estero. Ha cosceneggiato il film\u202f<i>Bella addormentata<\/i>\u202f(2012) di Marco Bellocchio. Si occupa di giornalismo culturale per diverse testate. Ha tradotto dall&#8217;inglese, tra gli altri: Francis Scott Fitzgerald, Octavia E. Butler, Ray Bradbury. Per Einaudi ha pubblicato\u202f<i>Niente di vero<\/i>\u202f(2022 vincitore Premio Strega Giovani) e \u202f<i>La vita \u00e8 breve eccetera<\/i>\u202f(2023).<\/p>\n<p><b>Antonio Scurati<\/b> \u00e8 docente all\u2019Universit\u00e0 IULM ed editorialista di \u00abla Repubblica\u00bb. Esordisce con <i>Il rumore sordo della battaglia <\/i>(Mondadori 2002; Bompiani 2006). Con Bompiani ha pubblicato <i>Il sopravvissuto<\/i> (2005), <i>Una storia romantica<\/i> (2007),<i> Il bambino che sognava la fine del mondo<\/i> (2009), <i>La seconda mezzanotte<\/i> (2011), <i>Il padre infedele<\/i> (2013), <i>Il tempo migliore della nostra vita<\/i> (2015), <i>M. Il figlio del secolo <\/i>(2018 vincitore Premio Strega 2019), <i>M. L\u2019uomo della provvidenza<\/i> (2020), <i>M. Gli ultimi giorni dell\u2019Europa<\/i> (2022).<\/p>\n<p><b>Elena Stancanelli<\/b> (Firenze, 1965) ha esordito nel 1998 con il romanzo\u202f<i>Benzina<\/i>\u202f(Einaudi Stile Libero). Ha scritto\u202f<i>Firenze da piccola<\/i>\u202f(Laterza 2006),\u202f<i>A immaginare una vita ce ne vuole un\u2019altra<\/i>\u202f(minimum fax 2007),\u202f<i>Mamma o non mamma<\/i>\u202f(Feltrinelli 2009, con Carola Susani) e\u202f<i>Un uomo giusto<\/i>\u202f(Einaudi 2011). Presso La nave di Teseo ha pubblicato\u202f<i>La femmina nuda<\/i>\u202f(2016 finalista Premio Strega), <i>Venne alla spiaggia un assassino<\/i>\u202f(2019) e <i>Il tuffatore<\/i> (2022 finalista Premio Campiello). Collabora con \u00abla Repubblica\u00bb e \u00abLa Stampa\u00bb. Con Emma Dante e Giorgio Vasta ha scritto la sceneggiatura del film\u202f<i>Le sorelle Macaluso<\/i> e <i>Misericordia<\/i>.<\/p>\n<p><b>Domenico Starnone<\/b>\u202f(Napoli, 1943) \u00e8 autore di romanzi e racconti. Ha scritto <i>Il salto con le aste<\/i> (Feltrinelli 1989), <i>Segni d\u2019oro<\/i> (Feltrinelli 1990), <i>Fuori registro<\/i> (Feltrinelli 1991), <i>Eccesso di zelo<\/i> (Feltrinelli 1993), <i>Denti<\/i> (Feltrinelli 1993), <i>Via Gemito<\/i> (Feltrinelli 2001 vincitore Premio Strega), <i>Labilit\u00e0<\/i> (Feltrinelli 2005). Tutti i suoi primi libri sono stati ripubblicati da Einaudi che ha inoltre pubblicato <i>Spavento<\/i>\u202f(2009),\u202f<i>Autobiografia erotica di Aristide Gamb\u00eda\u202f<\/i>(2011),<i> Condom<\/i>\u202f(2013),\u202f<i>Lacci<\/i>\u202f(2014),\u202f<i>Scherzetto<\/i>\u202f(2016),\u202f<i>Le false resurrezioni<\/i>\u202f(2018),\u202f<i>Confidenza<\/i>\u202f(2019 e 2021),\u202f<i>Vita mortale e immortale della bambina di Milano<\/i>\u202f(2021 e 2023), <i>L&#8217;umanit\u00e0 \u00e8 un tirocinio<\/i>\u202f(2023) e\u202f<i>Il vecchio al mare<\/i>\u202f(2024). Dai suoi libri sono stati tratti film di successo, tra i quali\u202f<i>La scuola<\/i>\u202fdi Daniele Luchetti,\u202f<i>Auguri professore<\/i>\u202fdi Riccardo Milani,\u202f<i>Denti<\/i>\u202fdi Gabriele Salvatores, <i>Lacci<\/i>\u202fe <i>Confidenza <\/i>di Daniele Lucchetti.<\/p>\n<p><b>Sandro Veronesi<\/b>\u202fnasce a Firenze nel 1959. \u00c8 laureato in Architettura. Nel 1988 esordisce col romanzo\u202f<i>Per dove parte questo treno allegro<\/i> (Theoria). Entra a far parte della redazione di \u00abNuovi Argomenti\u00bb e inizia a scrivere sulle colonne de \u00abil manifesto\u00bb e dell\u2019\u00abUnit\u00e0\u00bb, dando successivamente alle stampe una raccolta di articoli pubblicati fra il 1988 e il 1991, intitolata\u202f<i>Cronache italiane<\/i>\u202f(Mondadori 1992). A questo libro di taglio giornalistico ne seguono altri:\u202f<i>Occhio per occhio. La pena di morte in quattro storie<\/i>\u202f(Mondadori 1992),\u202f<i>Live<\/i>\u202f(Bompiani 1996), e\u202f<i>Superalbo<\/i>\u202f(Bompiani 2002). Nel 2005 pubblica il romanzo <i>Caos Calmo<\/i> (Bompiani vincitore Premio Strega 2006). Da La nave di Teseo sono usciti <i>Un dio ti guarda<\/i> (2016), <i>Cani d\u2019estate<\/i> (2018), <i>Il colibr\u00ec<\/i> (2019 vincitore Premio Strega 2020). Il suo ultimo libro \u00e8 <i>Comandante<\/i>, scritto con Edoardo De Angelis (Bompiani 2023). \u00c8 autore di alcune traduzioni di scrittori statunitensi e ha fondato con Domenico Procacci la casa editrice Fandango, della quale dirige la collana \u00abMine vaganti\u00bb.<\/p>\n","protected":false},"excerpt":{"rendered":"<p>Il\u00a0Premio Strega Europeo\u00a0sar\u00e0 conferito da una giuria composta da scrittori vincitori e finalisti del Premio Strega<\/p>\n","protected":false},"author":1,"featured_media":5947,"parent":0,"menu_order":0,"comment_status":"closed","ping_status":"closed","template":"","meta":{"footnotes":""},"class_list":["post-513","page","type-page","status-publish","has-post-thumbnail","hentry"],"_links":{"self":[{"href":"https:\/\/premiostrega.it\/PSE\/wp-json\/wp\/v2\/pages\/513","targetHints":{"allow":["GET"]}}],"collection":[{"href":"https:\/\/premiostrega.it\/PSE\/wp-json\/wp\/v2\/pages"}],"about":[{"href":"https:\/\/premiostrega.it\/PSE\/wp-json\/wp\/v2\/types\/page"}],"author":[{"embeddable":true,"href":"https:\/\/premiostrega.it\/PSE\/wp-json\/wp\/v2\/users\/1"}],"replies":[{"embeddable":true,"href":"https:\/\/premiostrega.it\/PSE\/wp-json\/wp\/v2\/comments?post=513"}],"version-history":[{"count":30,"href":"https:\/\/premiostrega.it\/PSE\/wp-json\/wp\/v2\/pages\/513\/revisions"}],"predecessor-version":[{"id":7955,"href":"https:\/\/premiostrega.it\/PSE\/wp-json\/wp\/v2\/pages\/513\/revisions\/7955"}],"wp:featuredmedia":[{"embeddable":true,"href":"https:\/\/premiostrega.it\/PSE\/wp-json\/wp\/v2\/media\/5947"}],"wp:attachment":[{"href":"https:\/\/premiostrega.it\/PSE\/wp-json\/wp\/v2\/media?parent=513"}],"curies":[{"name":"wp","href":"https:\/\/api.w.org\/{rel}","templated":true}]}}