{"id":387,"date":"2016-01-31T18:55:40","date_gmt":"2016-01-31T17:55:40","guid":{"rendered":"http:\/\/www.fondazionebellonci.it\/new\/?page_id=387"},"modified":"2025-02-07T17:08:29","modified_gmt":"2025-02-07T16:08:29","slug":"privacy-policy","status":"publish","type":"page","link":"https:\/\/premiostrega.it\/PSS\/privacy-policy\/","title":{"rendered":"Privacy policy"},"content":{"rendered":"<p><strong>Titolare del trattamento<br \/>\n<\/strong>Titolare del trattamento \u00e8\u00a0<b>Fondazione Maria e Goffredo Bellonci ETS<\/b><br \/>\nVia F.lli Ruspoli 2, 00198 Roma &#8211;\u00a0Tel. 06 85358119<strong><br \/>\n<\/strong>Indirizzo per l\u2019esercizio dei diritti ex art. 7 del Codice della privacy: <strong><a href=\"mailto:info@fondazionebellonci.it\"><span style=\"text-decoration: underline;\">info@fondazionebellonci.it<\/span><\/a><\/strong><\/p>\n<p><strong>Finalit\u00e0 del trattamento<br \/>\n<\/strong>I dati personali da Voi forniti potranno essere trattati unicamente per le seguenti finalit\u00e0:<\/p>\n<p>Finalit\u00e0 strettamente connesse e necessarie alla fruizione del Sito e dei Servizi richiesti<br \/>\nFinalit\u00e0 funzionali allo svolgimento di analisi statistiche e di aggiornamento\u00a0dei\u00a0servizi proposti<br \/>\nEventuale interazione con social network<br \/>\nRegistrazione ed autenticazione del personale interno<br \/>\nContatti con l\u2019Utenza<\/p>\n<p><strong>Modalit\u00e0 del trattamento<br \/>\n<\/strong>Il Titolare tratta i Dati Personali degli Utenti adottando le opportune misure di sicurezza volte ad impedire l\u2019accesso, la divulgazione, la modifica o la distruzione non autorizzate dei Dati Personali. Il trattamento viene effettuato mediante strumenti informatici e\/o telematici, con modalit\u00e0 organizzative e con logiche strettamente correlate alle finalit\u00e0 indicate. Oltre al Titolare, in alcuni casi, potrebbero avere accesso ai Dati categorie di incaricati coinvolti nell\u2019organizzazione del sito (personale amministrativo, commerciale, marketing, legali, amministratori di sistema) ovvero soggetti esterni (come fornitori di servizi tecnici terzi, corrieri postali, hosting provider, societ\u00e0 informatiche, agenzie di comunicazione) nominati anche, se necessario, Responsabili del Trattamento da parte del Titolare. L\u2019elenco aggiornato dei Responsabili potr\u00e0 sempre essere richiesto al Titolare del Trattamento.<strong><br \/>\n<\/strong><\/p>\n<p>I Dati Personali possono essere inseriti volontariamente dall\u2019Utente (compilando ad esempio un form o iscrivendosi alla newsletter), oppure raccolti in modo automatico durante l\u2019uso del sito. L\u2019eventuale utilizzo di Cookie \u2013 o di altri strumenti di tracciamento \u2013 da parte di questa Applicazione o dei titolari dei servizi terzi utilizzati da questa Applicazione, ove non diversamente precisato, ha la finalit\u00e0 di identificare l\u2019Utente e registrare le relative preferenze per finalit\u00e0 strettamente legate all\u2019erogazione del servizio richiesto dall\u2019Utente. Il mancato conferimento da parte dell\u2019Utente di alcuni Dati Personali potrebbe impedire a questa Applicazione di erogare i propri servizi.<\/p>\n<p>L\u2019Utente si assume la responsabilit\u00e0 dei Dati Personali di terzi pubblicati o condivisi mediante questa Applicazione e garantisce di avere il diritto di comunicarli o diffonderli, liberando il Titolare da qualsiasi responsabilit\u00e0 verso terzi.<\/p>\n<p><strong>Natura del conferimento dei dati personali e conseguenze di un eventuale rifiuto di rispondere<br \/>\n<\/strong>Il conferimento dei dati personali \u00e8 facoltativo. L\u2019eventuale rifiuto di conferirli pu\u00f2 comportare l\u2019impossibilit\u00e0 di utilizzare il Sito e fruire dei relativi Servizi. L\u2019invio facoltativo, esplicito e volontario di posta elettronica agli indirizzi indicati su questo Sito comporta la successiva acquisizione dell\u2019indirizzo del mittente, necessario per rispondere alle richieste, nonch\u00e9 degli eventuali altri dati personali inseriti nella missiva.<\/p>\n<p><strong>Comunicazione e diffusione dei dati<br \/>\n<\/strong>I dati potranno essere comunicati, nel rispetto della normativa vigente, a personale interno preposto all\u2019 utilizzo ed alla manutenzione della piattaforma, e\/o all\u2019 utilizzo dei dati per scopi amministrativi. I dati personali non sono soggetti a diffusione esterna. Titolare del trattamento \u00e8 <b>Fondazione Maria e Goffredo Bellonci<\/b><\/p>\n<p><strong>Politica dei cookie<br \/>\n<\/strong>Il sito\u00a0<a href=\"https:\/\/premiostrega.it\/PSS\">Premio Strega Saggistica<\/a> utilizza i cookies, che sono delle brevi stringhe di testo inviate dal server del sito al browser dell\u2019utente\/visitatore del sito e vengono automaticamente salvati sul pc dell\u2019utente\/visitatore. La finalit\u00e0 principale dei cookies \u00e8 di rendere pi\u00f9 fruibile la navigazione del sito, mantenendo informazioni di stato dell\u2019utente quando accede alle aree riservate o informazioni sulla sua lingua preferenziale, e quindi si consiglia di configurare il proprio browser in modo da accettarli. Quasi tutti i browser sono impostati per accettare i cookies, tuttavia l\u2019utente\/visitatore pu\u00f2 autonomamente modificare la configurazione del proprio browser e bloccare i cookie (opt-out). \u00c8 necessario sapere che in caso di blocco dei cookies la fruizione del sito <a href=\"https:\/\/premiostrega.it\/PSS\">Premio Strega Saggistica<\/a> e l\u2019utilizzo di alcuni servizi pu\u00f2 risultare limitata.<\/p>\n<p>I Cookies creati sul computer del visitatore, non contengono alcun dato personale di identificazione e non compromettono la privacy o la sicurezza dello stesso.<\/p>\n<p><strong>Navigando nel sito Lei accetta l\u2019utilizzo dei cookie sul suo dispositivo.<br \/>\n<\/strong>Nello specifico, continuando ad utilizzare questo sito, si autorizza l\u2019utilizzo dei cookie.<br \/>\nCliccando sul link ACCETTO\u00a0dell\u2019informativa breve nel banner, scorrendo qualsiasi pagina del sito, cliccando su un link o proseguendo la navigazione in quasiasi altra maniera, si acconsente all\u2019uso dei cookie. Se l\u2019utente non interagisce con i moduli del consenso ed esce dall\u2019informativa chiudendola o proseguendo la navigazione nel sito, presta il consenso per tutti i cookie.<\/p>\n<p>Se non desidera che questo sito collochi cookie sul suo dispositivo, pu\u00f2 rifiutare il trattamento dei dati o delle informazioni, rifiutando l\u2019utilizzo dei cookie selezionando l\u2019apposita configurazione dalle impostazioni o dalle opzioni del suo browser; tenga presente, tuttavia, che cos\u00ec facendo potrebbe non avere pieno accesso a tutte le funzioni del sito.<\/p>\n<p><strong>Il Sito e l\u2019utilizzo dei Cookies \u2013 Come questo pu\u00f2 essere di Vostro Beneficio:<br \/>\n<\/strong>Il nostro sito utilizza i cookie, come quasi tutti i siti web fanno, per aiutarvi a fornire la migliore esperienza possibile. I cookie sono piccoli file di testo che vengono depositati sul Vostro computer o telefono cellulare durante la navigazione del sito web. I nostri cookie vi aiutano a:<\/p>\n<p>Rendere il nostro sito web come ci si aspetterebbe<br \/>\nEvitare di dover effettuare il login (se richiesto) ogni volta che si visita il sito<br \/>\nRicordare le impostazioni durante e tra le visite<br \/>\nMigliorare la velocit\u00e0 \/ sicurezza del sito<br \/>\nMigliorare continuamente la qualit\u00e0 della Vostra navigazione<\/p>\n<p><strong>Non viene fatto uso di cookies per :<\/strong><\/p>\n<p>Raccogliere tutte le informazioni di identificazione personale (senza il vostro consenso espresso)<br \/>\nRaccogliere tutte le informazioni sensibili (senza il vostro esplicito consenso)<br \/>\nPassare i dati alle reti pubblicitarie<br \/>\nPassare i dati di identificazione personale a terzi<\/p>\n<p><strong>Durata dei cookie<br \/>\n<\/strong>Alcuni cookie (cookie di sessione) restano attivi solo fino alla chiusura del\u00a0<em>browser<\/em>\u00a0o all\u2019esecuzione del comando di\u00a0<em>logout<\/em>. Altri cookie \u201csopravvivono\u201d alla chiusura del\u00a0<em>browser<\/em>\u00a0e sono disponibili anche in successive visite dell\u2019utente. Questi cookie sono detti persistenti e la loro durata \u00e8 fissata dal server al momento della loro creazione. In alcuni casi \u00e8 fissata una scadenza, in altri casi la durata \u00e8 illimitata. Il nostro sito, in relazione a cui le informazioni sono memorizzate esclusivamente per finalit\u00e0 tecniche, non fa uso di cookie persistenti. Tuttavia, navigando sulle pagine del sito web, si pu\u00f2 interagire con siti gestiti da terze parti che possono creare o modificare cookie permanenti e di profilazione.<\/p>\n<p><strong>Come controllare i cookies?<\/strong><br \/>\nPuoi controllare e\/o verificare i cookies come vuoi \u2013 per saperne di pi\u00f9, vai su\u00a0<strong><a href=\"http:\/\/aboutcookies.org\" target=\"_blank\" rel=\"noopener\">aboutcookies.org<\/a><\/strong>. Puoi cancellare i cookies gi\u00e0 presenti nel computer e impostare quasi tutti i browser in modo da bloccarne l\u2019installazione. Se scegli questa opzione, dovrai per\u00f2 modificare manualmente alcune preferenze ogni volta che visiti il sito ed \u00e8 possibile che alcuni servizi o determinate funzioni non siano disponibili.<\/p>\n<p><span class=\"Apple-style-span\">Nel tuo browser puoi impostare le preferenze di privacy in modo da non memorizzare cookies, cancellarli dopo ogni visita o ogni volta che chiudi il browser, o anche accettare solo i cookies di <a href=\"https:\/\/premiostrega.it\/PSS\">Premio Strega Saggistica<\/a> e non quelli di terze parti; esiste anche un servizio,\u00a0<strong><a href=\"http:\/\/www.youronlinechoices.com\/it\/le-tue-scelte\" target=\"_blank\" rel=\"noopener\">Your Online Choices<\/a>,<\/strong> che mostra quali cookie installano i vari servizi e come puoi disattivarli, uno per uno.<\/span><\/p>\n<p><strong>Gestione dei cookie \u2013 Come posso controllare l\u2019installazione di Cookie?<br \/>\n<\/strong>In aggiunta a quanto indicato in questo documento, l\u2019Utente pu\u00f2 gestire le preferenze relative ai Cookie direttamente all\u2019interno del proprio browser ed impedire \u2013 ad esempio \u2013 che terze parti possano installarne. Tramite le preferenze del browser \u00e8 inoltre possibile eliminare i Cookie installati in passato, incluso il Cookie in cui venga eventualmente salvato il consenso all\u2019installazione di Cookie da parte di questo sito. \u00c8 importante notare che disabilitando tutti i Cookie, il funzionamento di questo sito potrebbe essere compromesso. In caso di servizi erogati da terze parti, l\u2019Utente pu\u00f2 inoltre esercitare il proprio diritto ad opporsi al tracciamento informandosi tramite la privacy policy della terza parte, tramite il link di opt out se esplicitamente fornito o contattando direttamente la stessa.<\/p>\n<p>Vista l\u2019oggettiva complessit\u00e0 legata all\u2019identificazione delle tecnologie basate sui Cookie ed alla loro integrazione molto stretta con il funzionamento del web, l\u2019Utente \u00e8 invitato a contattare il Titolare qualora volesse ricevere qualunque approfondimento relativo all\u2019utilizzo dei Cookie stessi e ad eventuali utilizzi degli stessi \u2013 ad esempio ad opera di terzi \u2013 effettuati tramite questo sito.<\/p>\n<p><strong>Attenzione<\/strong>: la disabilitazione totale o parziale dei cookie tecnici pu\u00f2 compromettere l\u2019utilizzo delle funzionalit\u00e0 del sito riservate agli utenti registrati. Al contrario, la fruibilit\u00e0 dei contenuti pubblici \u00e8 possibile anche disabilitando completamente i cookie.<br \/>\nLa disabilitazione dei cookie \u201cterze parti\u201d non pregiudica in alcun modo la navigabilit\u00e0.<br \/>\nL\u2019impostazione pu\u00f2 essere definita in modo specifico per i diversi siti e applicazioni web. Inoltre i migliori\u00a0<em>browser<\/em>\u00a0consentono di definire impostazioni diverse per i cookie \u201cproprietari\u201d e per quelli di \u201cterze parti\u201d.<br \/>\nA titolo di esempio, in Firefox, attraverso il menu\u00a0<em>Strumenti-&gt;Opzioni -&gt;Privacy<\/em>, \u00e8 possibile accedere ad un pannello di controllo dove \u00e8 possibile definire se accettare o meno i diversi tipi di cookie e procedere alla loro rimozione.<\/p>\n<p>Chrome:\u00a0<a href=\"https:\/\/support.google.com\/chrome\/answer\/95647?hl=it\" target=\"_blank\" rel=\"noopener\">https:\/\/support.google.com\/chrome\/answer\/95647?hl=it<br \/>\n<\/a>Firefox:\u00a0<a href=\"https:\/\/support.mozilla.org\/it\/kb\/Gestione%20dei%20cookie\" target=\"_blank\" rel=\"noopener\">https:\/\/support.mozilla.org\/it\/kb\/Gestione%20dei%20cookie<br \/>\n<\/a>Internet Explorer: <a href=\"https:\/\/support.microsoft.com\/it-it\/windows\/gestire-i-cookie-in-microsoft-edge-visualizzare-consentire-bloccare-eliminare-e-usare-168dab11-0753-043d-7c16-ede5947fc64d\" target=\"_blank\" rel=\"noopener\">http:\/\/windows.microsoft.com\/it-it\/<\/a><br \/>\nOpera:\u00a0<a href=\"http:\/\/help.opera.com\/Windows\/10.00\/it\/cookies.html\" target=\"_blank\" rel=\"noopener\">http:\/\/help.opera.com\/Windows\/10.00\/it\/cookies.html<br \/>\n<\/a>Safari:\u00a0<a href=\"http:\/\/support.apple.com\/kb\/HT1677?viewlocale=it_IT\" target=\"_blank\" rel=\"noopener\">http:\/\/support.apple.com\/kb\/HT1677?viewlocale=it_IT<\/a><\/p>\n<p><strong>Luogo di Trattamento dei Dati:<br \/>\n<\/strong>I Dati sono trattati presso le sedi operative del Titolare ed in ogni altro luogo in cui le parti coinvolte nel trattamento siano localizzate. Per ulteriori informazioni, contattare il Titolare.<\/p>\n<p><strong>Tempi<br \/>\n<\/strong>I Dati sono trattati per il tempo necessario allo svolgimento del servizio richiesto dall\u2019Utente, o richiesto dalle finalit\u00e0 descritte in questo documento, e l\u2019Utente pu\u00f2 sempre chiedere l\u2019interruzione del Trattamento o la cancellazione dei Dati.<\/p>\n<p><strong>Difesa in giudizio<br \/>\n<\/strong>I Dati Personali dell\u2019Utente possono essere utilizzati per la difesa da parte del Titolare in giudizio o nelle fasi propedeutiche alla sua eventuale instaurazione, da abusi nell\u2019utilizzo della stessa o dei servizi connessi da parte dell\u2019Utente. L\u2019Utente dichiara di essere consapevole che il Titolare potrebbe essere richiesto di rivelare i Dati su richiesta delle pubbliche autorit\u00e0.<\/p>\n<p><strong>Informative specifiche<br \/>\n<\/strong>Su richiesta dell\u2019Utente, in aggiunta alle informazioni contenute in questa privacy policy, questa Applicazione potrebbe fornire all\u2019Utente delle informative aggiuntive e contestuali riguardanti servizi specifici, o la raccolta ed il trattamento di Dati Personali.<\/p>\n<p><strong>Log di sistema e manutenzione<br \/>\n<\/strong>Per necessit\u00e0 legate al funzionamento ed alla manutenzione, questa Applicazione e gli eventuali servizi terzi da essa utilizzati potrebbero raccogliere Log di sistema, ossia file che registrano le interazioni e che possono contenere anche Dati Personali, quali l\u2019indirizzo IP Utente.<\/p>\n<p><strong>Informazioni non contenute in questa policy<br \/>\n<\/strong>Maggiori informazioni in relazione al trattamento dei Dati Personali potranno essere richieste in qualsiasi momento al Titolare del Trattamento utilizzando le informazioni di contatto.<\/p>\n<p><strong>Modifiche a questa privacy policy<br \/>\n<\/strong>Il Titolare del Trattamento si riserva il diritto di apportare modifiche alla presente privacy policy in qualunque momento dandone pubblicit\u00e0 agli Utenti su questa pagina. Si prega dunque di consultare spesso questa pagina, prendendo come riferimento la data di ultima modifica indicata in fondo. Nel caso di mancata accettazione delle modifiche apportate alla presente privacy policy, l\u2019Utente \u00e8 tenuto a cessare l\u2019utilizzo di questa Applicazione e pu\u00f2 richiedere al Titolare del Trattamento di rimuovere i propri Dati Personali. Salvo quanto diversamente specificato, la precedente privacy policy continuer\u00e0 ad applicarsi ai Dati Personali sino a quel momento raccolti.<\/p>\n<p><strong>Esercizio dei diritti da parte dell\u2019interessato.<br \/>\n<\/strong>I soggetti cui si riferiscono i Dati Personali hanno il diritto in qualunque momento di ottenere la conferma dell\u2019esistenza o meno degli stessi presso il Titolare del Trattamento, di conoscerne il contenuto e l\u2019origine, di verificarne l\u2019esattezza o chiederne l\u2019integrazione, la cancellazione, l\u2019aggiornamento, la rettifica, la trasformazione in forma anonima o il blocco dei Dati Personali trattati in violazione di legge, nonch\u00e9 di opporsi in ogni caso, per motivi legittimi, al loro trattamento. Le richieste vanno rivolte al Titolare del Trattamento.\u00a0<span class=\"Apple-style-span\">Questa Sito Web non supporta le richieste \u201cDo Not Track\u201d. Per conoscere se gli eventuali servizi di terze parti utilizzati le supportano, consulta le loro privacy policy.\u00a0Ogni altro tipo di richiesta va\u00a0rivolta\u00a0al Titolare del Trattamento.<\/span><\/p>\n<p>In ogni momento sar\u00e0 possibile \u2013 senza formalit\u00e0 alcuna \u2013 esercitare i diritti di cui agli artt.13 e 7 d el Codice della privacy (anche utilizzando l\u2019apposito modulo per l\u2019istanza messo a disposizione dal Garante su <strong><a href=\"http:\/\/www.garanteprivacy.it\" target=\"_blank\" rel=\"noopener\">www.garanteprivacy.it<\/a><\/strong>) L\u2019esercizio dei diritti non \u00e8 soggetto ad alcun vincolo di forma.<\/p>\n<p>L\u2019interessato ha diritto di ottenere la conferma dell\u2019esistenza o meno di dati personali che lo riguardano, anche se non ancora registrati, e la loro comunicazione in forma intelligibile. L\u2019interessato ha diritto di ottenere l\u2019indicazione:<\/p>\n<p>dell\u2019origine dei dati personali;<br \/>\ndelle finalit\u00e0 e modalit\u00e0 del trattamento;<br \/>\ndella logica applicata in caso di trattamento effettuato con l\u2019ausilio di strumenti elettronici;<br \/>\ndegli estremi identificativi del titolare, dei responsabili e del rappresentante designato ai sensi dell\u2019articolo 5, comma 2;<br \/>\ndei soggetti o delle categorie di soggetti ai quali i dati personali possono essere comunicati o che possono venirne a conoscenza in qualit\u00e0 di rappresentante;<br \/>\ndesignato nel territorio dello Stato, di responsabili o incaricati.<\/p>\n<p>L\u2019interessato ha diritto di ottenere:<\/p>\n<p>l\u2019aggiornamento, la rettificazione ovvero, quando vi ha interesse, l\u2019integrazione dei dati;<br \/>\nla cancellazione, la trasformazione in forma anonima o il blocco dei dati trattati in violazione di legge, compresi quelli di cui non \u00e8 necessaria la conservazione;<br \/>\nin relazione agli scopi per i quali i dati sono stati raccolti o successivamente trattati;<br \/>\nl\u2019attestazione che le operazioni di cui alle lettere a) e b) sono state portate a conoscenza, anche per quanto riguarda il loro contenuto, di coloro ai quali i dati;<br \/>\nsono stati comunicati o diffusi, eccettuato il caso in cui tale adempimento si rivela impossibile o comporta un impiego di mezzi manifestamente sproporzionato rispetto al diritto tutelato.<\/p>\n<p>L\u2019interessato ha diritto di opporsi, in tutto o in parte per motivi legittimi al trattamento dei dati personali che lo riguardano, ancorch\u00e9 pertinenti allo scopo della raccolta al trattamento di dati personali che lo riguardano a fini di invio di materiale pubblicitario o di vendita diretta o per il compimento di ricerche di mercato o di comunicazione commerciale.<\/p>\n<p><strong>Definizioni e riferimenti legali<\/strong><\/p>\n<p><strong>Dati Personali (o Dati) \u2013\u00a0<\/strong>Costituisce dato personale qualunque informazione relativa a persona fisica, identificata o identificabile, anche indirettamente, mediante riferimento a qualsiasi altra informazione, ivi compreso un numero di identificazione personale.<\/p>\n<p><strong>Dati di Utilizzo \u2013\u00a0<\/strong>Sono le informazioni raccolti in maniera automatica di questa Applicazione (o dalle applicazioni di parti terze che questa Applicazione utilizza), tra i quali: gli indirizzi IP o i nomi a dominio dei computer utilizzati dall\u2019Utente che si connette con questa Applicazione, gli indirizzi in notazione URI (Uniform Resource Identifier), l\u2019orario della richiesta, il metodo utilizzato nel sottoporre la richiesta al server, la dimensione del file ottenuto in risposta, il codice numerico indicante lo stato della risposta dal server (buon fine, errore, ecc.) il Paese di provenienza, le caratteristiche del browser e del sistema operativo utilizzati dal visitatore, le varie connotazioni temporali della visita (ad esempio il tempo di permanenza su ciascuna pagina) e i dettagli relativi all\u2019itinerario seguito all\u2019interno dell\u2019Applicazione, con particolare riferimento alla sequenza delle pagine consultate, ai parametri relativi al sistema operativo e all\u2019ambiente informatico dell\u2019Utente.<\/p>\n<p><strong>Utente \u2013\u00a0<\/strong>L\u2019individuo che utilizza questa Applicazione, che deve coincidere con l\u2019Interessato o essere da questo autorizzato ed i cui Dati Personali sono oggetto del trattamento.<\/p>\n<p><strong>Interessato \u2013\u00a0<\/strong>La persona fisica o giuridica cui si riferiscono i Dati Personali.<\/p>\n<p><strong>Responsabile del Trattamento (o Responsabile) \u2013\u00a0<\/strong>La persona fisica, giuridica, la pubblica amministrazione e qualsiasi altro ente, associazione od organismo preposti dal Titolare al trattamento dei Dati Personali, secondo quanto predisposto dalla presente privacy policy.<\/p>\n<p><strong>Titolare del Trattamento (o Titolare) \u2013\u00a0<\/strong>La persona fisica, giuridica, la pubblica amministrazione e qualsiasi altro ente, associazione od organismo cui competono, anche unitamente ad altro titolare, le decisioni in ordine alle finalit\u00e0, alle modalit\u00e0 del trattamento di dati personali ed agli strumenti utilizzati, ivi compreso il profilo della sicurezza, in relazione al funzionamento e alla fruizione di questa Applicazione. Il Titolare del Trattamento, salvo quanto diversamente specificato, \u00e8 il proprietario di questa Applicazione.<\/p>\n<p><strong>Questa Applicazione <\/strong>&#8211;<strong>\u00a0<\/strong>Il sito <a href=\"https:\/\/premiostrega.it\/PSS\">Premio Strega Saggistica<\/a> mediante il quale sono raccolti i Dati Personali degli Utenti.<\/p>\n<p><strong>Cookie \u2013\u00a0<\/strong>Piccola porzione di dati conservata all\u2019interno del dispositivo dell\u2019Utente.<\/p>\n<p><strong>Riferimenti legali \u2013\u00a0<\/strong>Avviso agli Utenti europei: la presente informativa privacy \u00e8 redatta in adempimento degli obblighi previsti dall\u2019Art. 10 della Direttiva n. 95\/46\/CE, nonch\u00e9 a quanto previsto dalla Direttiva 2002\/58\/CE, come aggiornata dalla Direttiva 2009\/136\/CE, in materia di Cookie.<\/p>\n<p><strong>Questa informativa privacy riguarda esclusivamente il sito\u00a0<a href=\"https:\/\/premiostrega.it\/PSS\">Premio Strega Saggistica<\/a><\/strong><\/p>\n<p><em>Aggiornata il 07 febbraio 2025<\/em><\/p>\n","protected":false},"excerpt":{"rendered":"<p>Titolare del trattamento Titolare del trattamento \u00e8\u00a0Fondazione Maria e Goffredo Bellonci ETS Via F.lli Ruspoli 2, 00198 Roma &#8211;\u00a0Tel. 06 85358119 Indirizzo per l\u2019esercizio dei diritti ex art. 7 del Codice della privacy: info@fondazionebellonci.it Finalit\u00e0 del trattamento I dati personali da Voi forniti potranno essere trattati unicamente per le seguenti finalit\u00e0: Finalit\u00e0 strettamente connesse e [&hellip;]<\/p>\n","protected":false},"author":1,"featured_media":8609,"parent":0,"menu_order":0,"comment_status":"open","ping_status":"open","template":"","meta":{"footnotes":""},"class_list":["post-387","page","type-page","status-publish","has-post-thumbnail","hentry"],"_links":{"self":[{"href":"https:\/\/premiostrega.it\/PSS\/wp-json\/wp\/v2\/pages\/387","targetHints":{"allow":["GET"]}}],"collection":[{"href":"https:\/\/premiostrega.it\/PSS\/wp-json\/wp\/v2\/pages"}],"about":[{"href":"https:\/\/premiostrega.it\/PSS\/wp-json\/wp\/v2\/types\/page"}],"author":[{"embeddable":true,"href":"https:\/\/premiostrega.it\/PSS\/wp-json\/wp\/v2\/users\/1"}],"replies":[{"embeddable":true,"href":"https:\/\/premiostrega.it\/PSS\/wp-json\/wp\/v2\/comments?post=387"}],"version-history":[{"count":7,"href":"https:\/\/premiostrega.it\/PSS\/wp-json\/wp\/v2\/pages\/387\/revisions"}],"predecessor-version":[{"id":8891,"href":"https:\/\/premiostrega.it\/PSS\/wp-json\/wp\/v2\/pages\/387\/revisions\/8891"}],"wp:featuredmedia":[{"embeddable":true,"href":"https:\/\/premiostrega.it\/PSS\/wp-json\/wp\/v2\/media\/8609"}],"wp:attachment":[{"href":"https:\/\/premiostrega.it\/PSS\/wp-json\/wp\/v2\/media?parent=387"}],"curies":[{"name":"wp","href":"https:\/\/api.w.org\/{rel}","templated":true}]}}