{"id":8544,"date":"2025-02-01T19:30:56","date_gmt":"2025-02-01T18:30:56","guid":{"rendered":"https:\/\/premiostrega.it\/PSS\/?page_id=8544"},"modified":"2025-02-17T20:17:06","modified_gmt":"2025-02-17T19:17:06","slug":"comitato-scientifico","status":"publish","type":"page","link":"https:\/\/premiostrega.it\/PSS\/comitato-scientifico\/","title":{"rendered":"Comitato scientifico"},"content":{"rendered":"<p><strong>Carlo Felice Casula <\/strong>\u00e8 uno storico italiano e professore emerito di Storia contemporanea nell\u2019Universit\u00e0 di Roma Tre. Studioso di storia sociale, politica, culturale e religiosa dell\u2019Ottocento e Novecento, ha approfondito temi come il movimento operaio, la politica della Santa Sede, Roma, la Sardegna e i rapporti tra storia e cinema. Autore di oltre 250 pubblicazioni accademiche, tradotte in pi\u00f9 lingue, ha collaborato con importanti quotidiani e partecipato a programmi RAI e film documentari. Tra le sue pubblicazioni, che documentano i suoi interessi di ricerca, <em>Cattolici comunisti e sinistra cristiana<\/em> (Il Mulino, 1976); <em>Guido Miglioli. Fronte democratico popolare e Costituente della terra<\/em> (Edizioni Lavoro, 1981); <em>Domenico Tardini. L\u2019azione della Santa Sede nella crisi tra le due guerre<\/em> (Edizioni Studium, 1988), <em>L\u2019Italia dopo la grande trasformazione<\/em> (Carocci, 1999); <em>Da credenti nella sinistra. Storia dei cristiano sociali 1993-2017<\/em> (Il Mulino, 2019);\u00a0<em>Salvatore Satta, Lettere a Piero Calamandrei 1938-1956<\/em> (Il Mulino, 2020);\u00a0<em>Il cardinale Silvestrini. Dialogo e pace nello spirito di Helsinki<\/em> (Libreria Editrice Vaticana, 2023).<\/p>\n<p><strong>Alfonso Celotto<\/strong>, nato in provincia di Napoli, vive e lavora a Roma, dove insegna Diritto costituzionale nell\u2019Universit\u00e0 degli Studi Roma Tre. \u00c8 visiting professor della U.B.A. \u2013 Universidad de Buenos Aires; dell\u2019Universit\u00e0 di Varsavia; della UNSW \u2013 New South Wales University (Sydney) e della McGill University di Montr\u00e9al. Da anni cerca di spiegare e raccontare la Costituzione in radio, in televisione e sui social network. Tra i suoi libri:\u00a0<em>Il dott. Ciro Amendola, direttore della Gazzetta Ufficiale<\/em>\u00a0(Mondadori, 2014),\u00a0<em>La Corte costituzionale<\/em>\u00a0(Il Mulino, 2018),\u00a0<em>Costituzione annotata della Repubblica italiana<\/em>\u00a0(Zanichelli, 2018),\u00a0<em>\u00c8 nato prima l\u2019uomo o la carta bollata? Storie incredibili (ma vere) di Una Repubblica fondata sulla burocrazia<\/em>\u00a0(RaiLibri, 2020),\u00a0<em>L\u2019enigma della successione: Ascesa e declino del capo da Diocleziano a Enrico De Nicola<\/em>\u00a0(Feltrinelli, 2021),\u00a0<em>Fondata sul lavoro<\/em>\u00a0(Mondadori, 2022), <em>La Costituzione presbite<\/em> (Bompiani, 2022), <em>Sudditi. Diritti e cittadinanza nella societ\u00e0 digitale <\/em>(Giuffr\u00e8, 2023), <em>Indissolubile <\/em>(Mondadori, 2024) e ha curato la <em>Costituzione annotata della Repubblica italiana<\/em> (Zanichelli, 2024).<\/p>\n<p><strong>Antonella Ferrara <\/strong>\u00e8 nata a Roma, si occupa da vent\u2019anni dell\u2019ideazione, della progettazione e dell\u2019organizzazione di eventi culturali di profilo internazionale. Forte di una lunga esperienza nel settore, ha ideato e lanciato nel 2011 il Taormina International Book Festival Taobuk, portando a naturale sviluppo una storia di passione personale e professionale per la letteratura. Ha fondato e diretto due librerie, rivestito l\u2019incarico di direttore commerciale per un\u2019importante casa editrice e ideato Taormina Cult, il primo circuito culturale della Citt\u00e0 di Taormina, curato da Alfio Bonaccorso. Ha ricoperto l\u2019incarico di direttore artistico del Premio Letterario Internazionale Giuseppe Tomasi di Lampedusa ed \u00e8 direttore scientifico degli Stati Generali del Cinema, promossi e organizzati dalla Regione Siciliana in collaborazione con il Ministero del Turismo e l\u2019Enit.<\/p>\n<p><strong>Simonetta Fiori<\/strong> \u00e8 giornalista e scrittrice. Ha collaborato con \u201cLa Repubblica\u201d e con diversi atenei italiani. Ha scritto libri-intervista per Laterza: <em>Il grande silenzio <\/em>(2011) con Alberto Asor Rosa, e <em>Italiani senza padri<\/em> (2011) con Emilio Gentile. \u00c8 autrice di documentari: <em>Inge Film<\/em>, realizzato con Luca Scarzella, sulla vita di Inge Feltrinelli (Real Cinema Feltrinelli) e <em>Repubblica primo sogno sulla vita<\/em> di Eugenio Scalfari (produzione Gedi). Nel volume<em> La testa e il cuore<\/em> (Guanda, 2020) ha raccolto trenta interviste sull\u2019amore a personalit\u00e0 del mondo culturale e artistico. Collabora con la Sapienza Universit\u00e0 di Roma. Ha vinto il Premiolino e il premio Geraldini Donne per il giornalismo.<\/p>\n<p><strong>Paolo Giordano<\/strong> \u00e8 nato a Torino nel 1982. Ha un dottorato in fisica ed \u00e8 autore di cinque romanzi: <em>La solitudine dei numeri primi<\/em> (Mondadori, 2008; Premio Strega e Premio Campiello Opera Prima), <em>Il corpo umano<\/em> (Mondadori, 2012)<em>,<\/em> <em>Il nero e l&#8217;argento<\/em> (Einaudi, 2014), <em>Divorare il cielo<\/em> (Einaudi, 2018) e <em>Tasmania<\/em> (Einaudi, 2022). Per Einaudi ha pubblicato anche <em>Nel contagio <\/em>(2020), <em>Le cose che non voglio dimenticare<\/em> (2021). Ha scritto per il teatro (<em>Galois<\/em> e <em>Fine pena: ora<\/em>) e collabora con il \u00abCorriere della Sera\u00bb.<\/p>\n<p><strong>Francesca Mannocchi <\/strong>collabora da anni con numerose testate giornalistiche, italiane e internazionali. Ha realizzato reportage da Iraq, Libia, Libano, Siria, Yemen, Afghanistan, Ucraina. Ha vinto numerosi premi giornalistici tra cui il Premio Ischia per il giornalismo e il Premiolino 2016. Ha diretto con il fotografo Alessio Romenzi il documentario <em>Isis, Tomorrow <\/em>presentato alla 75\u00b0 Mostra internazionale del Cinema di Venezia. Per Einaudi ha pubblicato <em>Io Khaled vendo uomini e sono innocente<\/em> (2019), con cui ha vinto il Premio Estense, e <em>Bianco \u00e8 il colore del danno<\/em> (2021).<\/p>\n<p><b>Nico Pitrelli <\/b>\u00e8 direttore del Master in Comunicazione della Scienza \u201cFranco Prattico\u201d della SISSA di Trieste e responsabile dell\u2019Ufficio Comunicazione presso la stessa istituzione. \u00c8 anche responsabile scientifico e organizzativo del festival del libro scientifico <i>Scienza e Virgola<\/i> e del Convegno Nazionale di Comunicazione della Scienza. \u00c8 stato <i>communication manager<\/i> dell\u2019Euro Science Open Forum \u2013 ESOF 2020 Trieste. Studia le modalit\u00e0 con cui la conoscenza scientifica \u00e8 diffusa e recepita in differenti contesti e ha scritto diversi saggi sul rapporto tra scienza e societ\u00e0. Tra le sue ultime pubblicazioni, <i>Il giornalismo scientifico<\/i>\u202f(Carocci, 2021) e <i>Manifesto per un\u2019educazione civica alla scienza<\/i> (con Mariachiara Tallacchini, Codice, 2023).<\/p>\n<p><strong>Lucrezia Reichlin<\/strong>, economista, \u00e8 docente dal 2008 alla London Business School. Ha conseguito la laurea in economia all\u2019universit\u00e0 di Modena e il PhD presso la New York University. Ha insegnato all&#8217;Universit\u00e9 libre de Bruxelles. \u00c8 stata fra i primi studiosi a sostenere che non c\u2019\u00e8 un nesso automatico fra aumento della massa monetaria e aumento dell\u2019inflazione e ha pubblicato numerosi scritti di macroeconomia e econometria. Consulente della Fed di Alan Greenspan, durante la presidenza di Jean-Claude Trichet \u00e8 stata direttore del dipartimento ricerca della Banca centrale europea. Membro del consiglio di amministrazione di UniCredit, scrive per il \u201cCorriere della Sera\u201d. Ha vinto il Premiolino nel 2013. Nel 2016 ha ricevuto il premio Birgit Grodal Award della European Economic Association<em>.<\/em><\/p>\n<p><b>Nino Rizzo Nervo<\/b>, direttore responsabile della Gazzetta del Sud. Laureato in Scienze Politiche, ha diretto la Testata Giornalistica Regionale della RAI (TGR) e ha guidato il TG3, il TG LA7 e le news di MTV. Dopo aver fondato il quotidiano \u00abEuropa\u00bb, di cui \u00e8 stato anche direttore, \u00e8 stato nominato membro del Consiglio di amministrazione della RAI, incarico svolto per sette anni fino al 2012. \u00c8 stato presidente del Centro Italiano di Studi Superiori per la Formazione e l\u2019Aggiornamento in Giornalismo Radiotelevisivo, da cui dipende la Scuola di Giornalismo di Perugia. Ha insegnato Teoria e Tecnica del Giornalismo Radiotelevisivo nelle universit\u00e0 di Palermo e Messina. Durante il Governo Gentiloni \u00e8 stato Vice Segretario generale a Palazzo Chigi con delega sul settore della comunicazione. Dal 2015 \u00e8 presidente del Comitato scientifico di Taobuk.<\/p>\n<p><b>Giovanni Solimine\u00a0<\/b>(Presidente), professore emerito della Sapienza Universit\u00e0 di Roma, dove ha diretto il Dipartimento di Lettere e Culture moderne, \u00e8 uno studioso dei problemi del libro, dell\u2019editoria, della lettura e delle biblioteche. Ha pubblicato i saggi\u00a0<i>L\u2019Italia che legge\u00a0<\/i>(2010),\u00a0<i>Senza sapere. Il costo dell\u2019ignoranza in Italia<\/i>\u00a0(2014) e\u00a0<i>La cultura orizzontale<\/i>, con Giorgio Zanchini (2020), tutti pubblicati dalla casa editrice Laterza,\u00a0<i>Cervelli anfibi, orecchie e digitale\u00a0<\/i>(Aras Edizioni, 2023) e\u00a0<i>Leggere in biblioteca\u00a0<\/i>(Editrice Bibliografica, 2024). \u00c8 presidente della Fondazione Maria e Goffredo Bellonci e presidente onorario del Forum del libro.<\/p>\n","protected":false},"excerpt":{"rendered":"<p>Composto da un numero ristretto di autorevoli studiosi e personalit\u00e0 del giornalismo scientifico e culturale seleziona le cinque opere candidate.<\/p>\n","protected":false},"author":1,"featured_media":8609,"parent":0,"menu_order":0,"comment_status":"closed","ping_status":"closed","template":"","meta":{"footnotes":""},"class_list":["post-8544","page","type-page","status-publish","has-post-thumbnail","hentry"],"_links":{"self":[{"href":"https:\/\/premiostrega.it\/PSS\/wp-json\/wp\/v2\/pages\/8544","targetHints":{"allow":["GET"]}}],"collection":[{"href":"https:\/\/premiostrega.it\/PSS\/wp-json\/wp\/v2\/pages"}],"about":[{"href":"https:\/\/premiostrega.it\/PSS\/wp-json\/wp\/v2\/types\/page"}],"author":[{"embeddable":true,"href":"https:\/\/premiostrega.it\/PSS\/wp-json\/wp\/v2\/users\/1"}],"replies":[{"embeddable":true,"href":"https:\/\/premiostrega.it\/PSS\/wp-json\/wp\/v2\/comments?post=8544"}],"version-history":[{"count":7,"href":"https:\/\/premiostrega.it\/PSS\/wp-json\/wp\/v2\/pages\/8544\/revisions"}],"predecessor-version":[{"id":8932,"href":"https:\/\/premiostrega.it\/PSS\/wp-json\/wp\/v2\/pages\/8544\/revisions\/8932"}],"wp:featuredmedia":[{"embeddable":true,"href":"https:\/\/premiostrega.it\/PSS\/wp-json\/wp\/v2\/media\/8609"}],"wp:attachment":[{"href":"https:\/\/premiostrega.it\/PSS\/wp-json\/wp\/v2\/media?parent=8544"}],"curies":[{"name":"wp","href":"https:\/\/api.w.org\/{rel}","templated":true}]}}