{"id":8564,"date":"2025-02-01T19:53:34","date_gmt":"2025-02-01T18:53:34","guid":{"rendered":"https:\/\/premiostrega.it\/PSS\/?page_id=8564"},"modified":"2025-02-11T10:01:47","modified_gmt":"2025-02-11T09:01:47","slug":"premio","status":"publish","type":"page","link":"https:\/\/premiostrega.it\/PSS\/premio\/","title":{"rendered":"Premio"},"content":{"rendered":"<p>Con la nascita del <strong>Premio Strega Saggistica<\/strong> si completa il panorama dei riconoscimenti letterari assegnati dal Premio Strega. Dopo decenni di successi nella promozione della narrativa a partire dalla prima storica edizione inaugurata nel 1947, il Premio si \u00e8 rinnovato nel tempo per abbracciare nuove sfide culturali: dal 2014 ha allargato la propria attenzione alla letteratura europea, a quella per ragazzi e alla poesia, dimostrando di saper interpretare le trasformazioni del mondo editoriale e raggiungendo un pubblico sempre pi\u00f9 ampio e differenziato per et\u00e0 e per tipologia di letture.<\/p>\n<p>Il Premio Strega Saggistica si inserisce in questo percorso di crescita con l\u2019obiettivo di valorizzare l\u2019autorialit\u00e0 anche in questo ambito dell\u2019editoria, promuovendo la lettura come strumento di informazione e di riflessione sui grandi temi del nostro tempo.<\/p>\n<p>La struttura del Premio si ispira a quella gi\u00e0 sperimentata con successo nelle sezioni dedicate alla narrativa europea e alla poesia. I componenti del <b>Comitato scientifico<\/b> avranno il compito di individuare entro il mese di aprile cinque opere, mentre una <b>Giuria<\/b> \u2013 composta da cinquanta personalit\u00e0 di spicco dell\u2019accademia, della ricerca scientifica e del giornalismo d\u2019inchiesta e culturale, inclusi i componenti del Comitato scientifico \u2013 sar\u00e0 chiamata a determinare tra le opere candidate quella che meglio rappresenta la produzione di pi\u00f9 alta qualit\u00e0 della saggistica contemporanea.<\/p>\n<p>Sar\u00e0 inoltre assegnato dal Comitato promotore \u2013 composto da Fondazione Bellonci, Strega Alberti Benevento e Taobuk-Taormina Book Festival \u2013 un <strong>premio speciale<\/strong> a un saggista non italiano, le cui opere siano state tradotte nel nostro paese, per la sua capacit\u00e0 di orientare il formarsi della pubblica opinione.<\/p>\n","protected":false},"excerpt":{"rendered":"<p>Con la nascita del Premio Strega Saggistica si completa il panorama dei riconoscimenti letterari assegnati dal Premio Strega. Dopo decenni di successi nella promozione della narrativa a partire dalla prima storica edizione inaugurata nel 1947, il Premio si \u00e8 rinnovato nel tempo per abbracciare nuove sfide culturali: dal 2014 ha allargato la propria attenzione alla [&hellip;]<\/p>\n","protected":false},"author":1,"featured_media":8609,"parent":0,"menu_order":0,"comment_status":"closed","ping_status":"closed","template":"","meta":{"footnotes":""},"class_list":["post-8564","page","type-page","status-publish","has-post-thumbnail","hentry"],"_links":{"self":[{"href":"https:\/\/premiostrega.it\/PSS\/wp-json\/wp\/v2\/pages\/8564","targetHints":{"allow":["GET"]}}],"collection":[{"href":"https:\/\/premiostrega.it\/PSS\/wp-json\/wp\/v2\/pages"}],"about":[{"href":"https:\/\/premiostrega.it\/PSS\/wp-json\/wp\/v2\/types\/page"}],"author":[{"embeddable":true,"href":"https:\/\/premiostrega.it\/PSS\/wp-json\/wp\/v2\/users\/1"}],"replies":[{"embeddable":true,"href":"https:\/\/premiostrega.it\/PSS\/wp-json\/wp\/v2\/comments?post=8564"}],"version-history":[{"count":4,"href":"https:\/\/premiostrega.it\/PSS\/wp-json\/wp\/v2\/pages\/8564\/revisions"}],"predecessor-version":[{"id":8884,"href":"https:\/\/premiostrega.it\/PSS\/wp-json\/wp\/v2\/pages\/8564\/revisions\/8884"}],"wp:featuredmedia":[{"embeddable":true,"href":"https:\/\/premiostrega.it\/PSS\/wp-json\/wp\/v2\/media\/8609"}],"wp:attachment":[{"href":"https:\/\/premiostrega.it\/PSS\/wp-json\/wp\/v2\/media?parent=8564"}],"curies":[{"name":"wp","href":"https:\/\/api.w.org\/{rel}","templated":true}]}}